{"id":82,"date":"2023-05-23T09:52:05","date_gmt":"2023-05-23T09:52:05","guid":{"rendered":"http:\/\/math-in.net\/9imw\/?page_id=82"},"modified":"2023-06-06T08:06:25","modified_gmt":"2023-06-06T08:06:25","slug":"objetivos","status":"publish","type":"page","link":"https:\/\/math-in.net\/9imw\/objetivos\/","title":{"rendered":"Objetivos"},"content":{"rendered":"<h4>Objetivos<\/h4>\n<p id=\"tw-target-text\" class=\"tw-data-text tw-text-large tw-ta\" dir=\"ltr\" data-placeholder=\"Traducci\u00f3n\"><span class=\"Y2IQFc\" lang=\"es\">El IX Iberian Modelling Week contribuir\u00e1 a formar a los alumnos en Modelado Matem\u00e1tico y estimular sus habilidades de colaboraci\u00f3n y comunicaci\u00f3n, en un entorno internacional. <\/span><\/p>\n<p class=\"tw-data-text tw-text-large tw-ta\" dir=\"ltr\" data-placeholder=\"Traducci\u00f3n\"><span class=\"Y2IQFc\" lang=\"es\">Los principales objetivos son:<\/span><\/p>\n<p class=\"tw-data-text tw-text-large tw-ta\" dir=\"ltr\" data-placeholder=\"Traducci\u00f3n\"><span class=\"Y2IQFc\" lang=\"es\">&#8211; Brindar a los estudiantes la experiencia y la oportunidad de trabajar en modelos matem\u00e1ticos bajo la supervisi\u00f3n de un maestro especializado. <\/span><\/p>\n<p class=\"tw-data-text tw-text-large tw-ta\" dir=\"ltr\" data-placeholder=\"Traducci\u00f3n\"><span class=\"Y2IQFc\" lang=\"es\">&#8211; Darles la oportunidad de abordar problemas id\u00e9nticos a los que puedan encontrar en el mercado, as\u00ed como desarrollar su capacidad de trabajo en equipo, pensamiento cr\u00edtico, rigor y comunicaci\u00f3n cient\u00edfica.<\/span><\/p>\n<p class=\"tw-data-text tw-text-large tw-ta\" dir=\"ltr\" data-placeholder=\"Traducci\u00f3n\"><span class=\"Y2IQFc\" lang=\"es\">&#8211; Sensibilizar a las empresas sobre la aportaci\u00f3n que pueden hacer los matem\u00e1ticos a la industria.<\/span><\/p>\n<p>&nbsp;<\/p>\n","protected":false},"excerpt":{"rendered":"<p>Objetivos El IX Iberian Modelling Week contribuir\u00e1 a formar a [&hellip;]<\/p>\n","protected":false},"author":5,"featured_media":0,"parent":0,"menu_order":0,"comment_status":"closed","ping_status":"closed","template":"","meta":[],"yoast_head":"<!-- This site is optimized with the Yoast SEO plugin v19.0 - https:\/\/yoast.com\/wordpress\/plugins\/seo\/ -->\n<title>Objetivos - IX IBERIAN MODELLING WEEK<\/title>\n<meta name=\"robots\" content=\"index, follow, max-snippet:-1, max-image-preview:large, max-video-preview:-1\" \/>\n<link rel=\"canonical\" href=\"https:\/\/math-in.net\/9imw\/objetivos\/\" \/>\n<meta property=\"og:locale\" content=\"es_ES\" \/>\n<meta property=\"og:type\" content=\"article\" \/>\n<meta property=\"og:title\" content=\"Objetivos - IX IBERIAN MODELLING WEEK\" \/>\n<meta property=\"og:description\" content=\"Objetivos El IX Iberian Modelling Week contribuir\u00e1 a formar a [&hellip;]\" \/>\n<meta property=\"og:url\" content=\"https:\/\/math-in.net\/9imw\/objetivos\/\" \/>\n<meta property=\"og:site_name\" content=\"IX IBERIAN MODELLING WEEK\" \/>\n<meta property=\"article:modified_time\" content=\"2023-06-06T08:06:25+00:00\" \/>\n<meta name=\"twitter:card\" content=\"summary_large_image\" \/>\n<meta name=\"twitter:label1\" content=\"Tiempo de lectura\" \/>\n\t<meta name=\"twitter:data1\" content=\"1 minuto\" \/>\n<script type=\"application\/ld+json\" class=\"yoast-schema-graph\">{\"@context\":\"https:\/\/schema.org\",\"@graph\":[{\"@type\":\"WebSite\",\"@id\":\"https:\/\/math-in.net\/9imw\/#website\",\"url\":\"https:\/\/math-in.net\/9imw\/\",\"name\":\"IX IBERIAN MODELLING WEEK\",\"description\":\"Otro sitio m\u00e1s de math-in sitios\",\"potentialAction\":[{\"@type\":\"SearchAction\",\"target\":{\"@type\":\"EntryPoint\",\"urlTemplate\":\"https:\/\/math-in.net\/9imw\/?s={search_term_string}\"},\"query-input\":\"required name=search_term_string\"}],\"inLanguage\":\"es\"},{\"@type\":\"WebPage\",\"@id\":\"https:\/\/math-in.net\/9imw\/objetivos\/#webpage\",\"url\":\"https:\/\/math-in.net\/9imw\/objetivos\/\",\"name\":\"Objetivos - IX IBERIAN MODELLING WEEK\",\"isPartOf\":{\"@id\":\"https:\/\/math-in.net\/9imw\/#website\"},\"datePublished\":\"2023-05-23T09:52:05+00:00\",\"dateModified\":\"2023-06-06T08:06:25+00:00\",\"breadcrumb\":{\"@id\":\"https:\/\/math-in.net\/9imw\/objetivos\/#breadcrumb\"},\"inLanguage\":\"es\",\"potentialAction\":[{\"@type\":\"ReadAction\",\"target\":[\"https:\/\/math-in.net\/9imw\/objetivos\/\"]}]},{\"@type\":\"BreadcrumbList\",\"@id\":\"https:\/\/math-in.net\/9imw\/objetivos\/#breadcrumb\",\"itemListElement\":[{\"@type\":\"ListItem\",\"position\":1,\"name\":\"Portada\",\"item\":\"https:\/\/math-in.net\/9imw\/\"},{\"@type\":\"ListItem\",\"position\":2,\"name\":\"Objetivos\"}]}]}<\/script>\n<!-- \/ Yoast SEO plugin. -->","yoast_head_json":{"title":"Objetivos - IX IBERIAN MODELLING WEEK","robots":{"index":"index","follow":"follow","max-snippet":"max-snippet:-1","max-image-preview":"max-image-preview:large","max-video-preview":"max-video-preview:-1"},"canonical":"https:\/\/math-in.net\/9imw\/objetivos\/","og_locale":"es_ES","og_type":"article","og_title":"Objetivos - IX IBERIAN MODELLING WEEK","og_description":"Objetivos El IX Iberian Modelling Week contribuir\u00e1 a formar a [&hellip;]","og_url":"https:\/\/math-in.net\/9imw\/objetivos\/","og_site_name":"IX IBERIAN MODELLING WEEK","article_modified_time":"2023-06-06T08:06:25+00:00","twitter_card":"summary_large_image","twitter_misc":{"Tiempo de lectura":"1 minuto"},"schema":{"@context":"https:\/\/schema.org","@graph":[{"@type":"WebSite","@id":"https:\/\/math-in.net\/9imw\/#website","url":"https:\/\/math-in.net\/9imw\/","name":"IX IBERIAN MODELLING WEEK","description":"Otro sitio m\u00e1s de math-in sitios","potentialAction":[{"@type":"SearchAction","target":{"@type":"EntryPoint","urlTemplate":"https:\/\/math-in.net\/9imw\/?s={search_term_string}"},"query-input":"required name=search_term_string"}],"inLanguage":"es"},{"@type":"WebPage","@id":"https:\/\/math-in.net\/9imw\/objetivos\/#webpage","url":"https:\/\/math-in.net\/9imw\/objetivos\/","name":"Objetivos - IX IBERIAN MODELLING WEEK","isPartOf":{"@id":"https:\/\/math-in.net\/9imw\/#website"},"datePublished":"2023-05-23T09:52:05+00:00","dateModified":"2023-06-06T08:06:25+00:00","breadcrumb":{"@id":"https:\/\/math-in.net\/9imw\/objetivos\/#breadcrumb"},"inLanguage":"es","potentialAction":[{"@type":"ReadAction","target":["https:\/\/math-in.net\/9imw\/objetivos\/"]}]},{"@type":"BreadcrumbList","@id":"https:\/\/math-in.net\/9imw\/objetivos\/#breadcrumb","itemListElement":[{"@type":"ListItem","position":1,"name":"Portada","item":"https:\/\/math-in.net\/9imw\/"},{"@type":"ListItem","position":2,"name":"Objetivos"}]}]}},"_links":{"self":[{"href":"https:\/\/math-in.net\/9imw\/wp-json\/wp\/v2\/pages\/82"}],"collection":[{"href":"https:\/\/math-in.net\/9imw\/wp-json\/wp\/v2\/pages"}],"about":[{"href":"https:\/\/math-in.net\/9imw\/wp-json\/wp\/v2\/types\/page"}],"author":[{"embeddable":true,"href":"https:\/\/math-in.net\/9imw\/wp-json\/wp\/v2\/users\/5"}],"replies":[{"embeddable":true,"href":"https:\/\/math-in.net\/9imw\/wp-json\/wp\/v2\/comments?post=82"}],"version-history":[{"count":7,"href":"https:\/\/math-in.net\/9imw\/wp-json\/wp\/v2\/pages\/82\/revisions"}],"predecessor-version":[{"id":289,"href":"https:\/\/math-in.net\/9imw\/wp-json\/wp\/v2\/pages\/82\/revisions\/289"}],"wp:attachment":[{"href":"https:\/\/math-in.net\/9imw\/wp-json\/wp\/v2\/media?parent=82"}],"curies":[{"name":"wp","href":"https:\/\/api.w.org\/{rel}","templated":true}]}}