{"id":59,"date":"2023-05-23T09:26:08","date_gmt":"2023-05-23T09:26:08","guid":{"rendered":"http:\/\/math-in.net\/9imw\/?page_id=59"},"modified":"2023-06-13T09:38:20","modified_gmt":"2023-06-13T09:38:20","slug":"inscripcion","status":"publish","type":"page","link":"https:\/\/math-in.net\/9imw\/inscripcion\/","title":{"rendered":"Inscripci\u00f3n"},"content":{"rendered":"<h4>Inscripci\u00f3n<\/h4>\n<div id=\"tw-target-rmn-container\" class=\"tw-target-rmn tw-ta-container F0azHf tw-nfl\">\n<p id=\"tw-target-text\" class=\"tw-data-text tw-text-large tw-ta\" dir=\"ltr\" data-placeholder=\"Traducci\u00f3n\"><span class=\"Y2IQFc\" lang=\"es\">La inscripci\u00f3n a el IX Iberian Modelling Week incluye: comidas y\u00a0 programa social. Los interesados \u200b\u200bdeber\u00e1n cumplimentar este <strong><a href=\"https:\/\/forms.gle\/GFoKSet9kCn3xGHo7\">formulario<\/a><\/strong>.<\/span><\/p>\n<p class=\"tw-data-text tw-text-large tw-ta\" dir=\"ltr\" data-placeholder=\"Traducci\u00f3n\"><span class=\"Y2IQFc\" lang=\"es\">Se otorgar\u00e1 un n\u00famero limitado de becas de alojamiento para estudiantes desplazados. Los candidatos interesados \u200b\u200ben solicitar tales becas deben enviar una carta de recomendaci\u00f3n de un investigador de su instituci\u00f3n al siguiente correo: <span style=\"color: #0000ff;\"><a href=\"mailto:transferencia@math-in.net\"><strong>transferencia@math-in.net<\/strong><\/a>.<\/span><br \/>\n<\/span><\/p>\n<p class=\"tw-data-text tw-text-large tw-ta\" dir=\"ltr\" data-placeholder=\"Traducci\u00f3n\"><strong><span class=\"Y2IQFc\" lang=\"es\">Fechas importantes:<\/span><\/strong><\/p>\n<p class=\"tw-data-text tw-text-large tw-ta\" dir=\"ltr\" data-placeholder=\"Traducci\u00f3n\"><span class=\"Y2IQFc\" lang=\"es\">-Plazo de elecci\u00f3n de problemas de trabajo: por anunciar.<\/span><\/p>\n<p class=\"tw-data-text tw-text-large tw-ta\" dir=\"ltr\" data-placeholder=\"Traducci\u00f3n\"><span class=\"Y2IQFc\" lang=\"es\">-Fecha l\u00edmite de inscripci\u00f3n: 9 de julio. Las inscripciones se cerrar\u00e1n cuando se alcance el n\u00famero m\u00e1ximo de participantes (30). La inscripci\u00f3n ser\u00e1 por orden de llegada. <\/span><\/p>\n<p class=\"tw-data-text tw-text-large tw-ta\" dir=\"ltr\" data-placeholder=\"Traducci\u00f3n\"><span class=\"Y2IQFc\" lang=\"es\">Se entregar\u00e1 certificado de asistencia. <\/span><\/p>\n<p class=\"tw-data-text tw-text-large tw-ta\" dir=\"ltr\" data-placeholder=\"Traducci\u00f3n\"><span class=\"Y2IQFc\" lang=\"es\"><strong>Alojamiento:<\/strong> <\/span><\/p>\n<p class=\"tw-data-text tw-text-large tw-ta\" dir=\"ltr\" data-placeholder=\"Traducci\u00f3n\"><span class=\"Y2IQFc\" lang=\"es\">Hay un n\u00famero limitado de habitaciones disponibles en la residencia de estudiantes de la Universitat de les Illes Balears (UIB), ubicada en el Campus de la UIB. <\/span><\/p>\n<p class=\"tw-data-text tw-text-large tw-ta\" dir=\"ltr\" data-placeholder=\"Traducci\u00f3n\"><span class=\"Y2IQFc\" lang=\"es\">Contacta con la\u00a0 <a href=\"mailto:residencia@uib.es\">residencia@uib.es<\/a>, y pon en el asunto: \u00abIberian Modelling Week Workshop\u00bb.<br \/>\n<\/span><\/p>\n<\/div>\n","protected":false},"excerpt":{"rendered":"<p>Inscripci\u00f3n La inscripci\u00f3n a el IX Iberian Modelling Week incluye: [&hellip;]<\/p>\n","protected":false},"author":5,"featured_media":0,"parent":0,"menu_order":0,"comment_status":"closed","ping_status":"closed","template":"","meta":[],"yoast_head":"<!-- This site is optimized with the Yoast SEO plugin v19.0 - https:\/\/yoast.com\/wordpress\/plugins\/seo\/ -->\n<title>Inscripci\u00f3n - IX IBERIAN MODELLING WEEK<\/title>\n<meta name=\"robots\" content=\"index, follow, max-snippet:-1, max-image-preview:large, max-video-preview:-1\" \/>\n<link rel=\"canonical\" href=\"https:\/\/math-in.net\/9imw\/inscripcion\/\" \/>\n<meta property=\"og:locale\" content=\"es_ES\" \/>\n<meta property=\"og:type\" content=\"article\" \/>\n<meta property=\"og:title\" content=\"Inscripci\u00f3n - IX IBERIAN MODELLING WEEK\" \/>\n<meta property=\"og:description\" content=\"Inscripci\u00f3n La inscripci\u00f3n a el IX Iberian Modelling Week incluye: [&hellip;]\" \/>\n<meta property=\"og:url\" content=\"https:\/\/math-in.net\/9imw\/inscripcion\/\" \/>\n<meta property=\"og:site_name\" content=\"IX IBERIAN MODELLING WEEK\" \/>\n<meta property=\"article:modified_time\" content=\"2023-06-13T09:38:20+00:00\" \/>\n<meta name=\"twitter:card\" content=\"summary_large_image\" \/>\n<meta name=\"twitter:label1\" content=\"Tiempo de lectura\" \/>\n\t<meta name=\"twitter:data1\" content=\"1 minuto\" \/>\n<script type=\"application\/ld+json\" class=\"yoast-schema-graph\">{\"@context\":\"https:\/\/schema.org\",\"@graph\":[{\"@type\":\"WebSite\",\"@id\":\"https:\/\/math-in.net\/9imw\/#website\",\"url\":\"https:\/\/math-in.net\/9imw\/\",\"name\":\"IX IBERIAN MODELLING WEEK\",\"description\":\"Otro sitio m\u00e1s de math-in sitios\",\"potentialAction\":[{\"@type\":\"SearchAction\",\"target\":{\"@type\":\"EntryPoint\",\"urlTemplate\":\"https:\/\/math-in.net\/9imw\/?s={search_term_string}\"},\"query-input\":\"required name=search_term_string\"}],\"inLanguage\":\"es\"},{\"@type\":\"WebPage\",\"@id\":\"https:\/\/math-in.net\/9imw\/inscripcion\/#webpage\",\"url\":\"https:\/\/math-in.net\/9imw\/inscripcion\/\",\"name\":\"Inscripci\u00f3n - IX IBERIAN MODELLING WEEK\",\"isPartOf\":{\"@id\":\"https:\/\/math-in.net\/9imw\/#website\"},\"datePublished\":\"2023-05-23T09:26:08+00:00\",\"dateModified\":\"2023-06-13T09:38:20+00:00\",\"breadcrumb\":{\"@id\":\"https:\/\/math-in.net\/9imw\/inscripcion\/#breadcrumb\"},\"inLanguage\":\"es\",\"potentialAction\":[{\"@type\":\"ReadAction\",\"target\":[\"https:\/\/math-in.net\/9imw\/inscripcion\/\"]}]},{\"@type\":\"BreadcrumbList\",\"@id\":\"https:\/\/math-in.net\/9imw\/inscripcion\/#breadcrumb\",\"itemListElement\":[{\"@type\":\"ListItem\",\"position\":1,\"name\":\"Portada\",\"item\":\"https:\/\/math-in.net\/9imw\/\"},{\"@type\":\"ListItem\",\"position\":2,\"name\":\"Inscripci\u00f3n\"}]}]}<\/script>\n<!-- \/ Yoast SEO plugin. -->","yoast_head_json":{"title":"Inscripci\u00f3n - IX IBERIAN MODELLING WEEK","robots":{"index":"index","follow":"follow","max-snippet":"max-snippet:-1","max-image-preview":"max-image-preview:large","max-video-preview":"max-video-preview:-1"},"canonical":"https:\/\/math-in.net\/9imw\/inscripcion\/","og_locale":"es_ES","og_type":"article","og_title":"Inscripci\u00f3n - IX IBERIAN MODELLING WEEK","og_description":"Inscripci\u00f3n La inscripci\u00f3n a el IX Iberian Modelling Week incluye: [&hellip;]","og_url":"https:\/\/math-in.net\/9imw\/inscripcion\/","og_site_name":"IX IBERIAN MODELLING WEEK","article_modified_time":"2023-06-13T09:38:20+00:00","twitter_card":"summary_large_image","twitter_misc":{"Tiempo de lectura":"1 minuto"},"schema":{"@context":"https:\/\/schema.org","@graph":[{"@type":"WebSite","@id":"https:\/\/math-in.net\/9imw\/#website","url":"https:\/\/math-in.net\/9imw\/","name":"IX IBERIAN MODELLING WEEK","description":"Otro sitio m\u00e1s de math-in sitios","potentialAction":[{"@type":"SearchAction","target":{"@type":"EntryPoint","urlTemplate":"https:\/\/math-in.net\/9imw\/?s={search_term_string}"},"query-input":"required name=search_term_string"}],"inLanguage":"es"},{"@type":"WebPage","@id":"https:\/\/math-in.net\/9imw\/inscripcion\/#webpage","url":"https:\/\/math-in.net\/9imw\/inscripcion\/","name":"Inscripci\u00f3n - IX IBERIAN MODELLING WEEK","isPartOf":{"@id":"https:\/\/math-in.net\/9imw\/#website"},"datePublished":"2023-05-23T09:26:08+00:00","dateModified":"2023-06-13T09:38:20+00:00","breadcrumb":{"@id":"https:\/\/math-in.net\/9imw\/inscripcion\/#breadcrumb"},"inLanguage":"es","potentialAction":[{"@type":"ReadAction","target":["https:\/\/math-in.net\/9imw\/inscripcion\/"]}]},{"@type":"BreadcrumbList","@id":"https:\/\/math-in.net\/9imw\/inscripcion\/#breadcrumb","itemListElement":[{"@type":"ListItem","position":1,"name":"Portada","item":"https:\/\/math-in.net\/9imw\/"},{"@type":"ListItem","position":2,"name":"Inscripci\u00f3n"}]}]}},"_links":{"self":[{"href":"https:\/\/math-in.net\/9imw\/wp-json\/wp\/v2\/pages\/59"}],"collection":[{"href":"https:\/\/math-in.net\/9imw\/wp-json\/wp\/v2\/pages"}],"about":[{"href":"https:\/\/math-in.net\/9imw\/wp-json\/wp\/v2\/types\/page"}],"author":[{"embeddable":true,"href":"https:\/\/math-in.net\/9imw\/wp-json\/wp\/v2\/users\/5"}],"replies":[{"embeddable":true,"href":"https:\/\/math-in.net\/9imw\/wp-json\/wp\/v2\/comments?post=59"}],"version-history":[{"count":11,"href":"https:\/\/math-in.net\/9imw\/wp-json\/wp\/v2\/pages\/59\/revisions"}],"predecessor-version":[{"id":394,"href":"https:\/\/math-in.net\/9imw\/wp-json\/wp\/v2\/pages\/59\/revisions\/394"}],"wp:attachment":[{"href":"https:\/\/math-in.net\/9imw\/wp-json\/wp\/v2\/media?parent=59"}],"curies":[{"name":"wp","href":"https:\/\/api.w.org\/{rel}","templated":true}]}}