{"id":28,"date":"2023-05-23T08:23:08","date_gmt":"2023-05-23T08:23:08","guid":{"rendered":"http:\/\/math-in.net\/9imw\/?page_id=28"},"modified":"2023-06-13T09:05:24","modified_gmt":"2023-06-13T09:05:24","slug":"problemas","status":"publish","type":"page","link":"https:\/\/math-in.net\/9imw\/problemas\/","title":{"rendered":"Problemas"},"content":{"rendered":"<h4>Problemas<\/h4>\n<p><span class=\"ui-provider gs b c d e f g h i j k l m n o p q r s t u v w x y z ab ac ae af ag ah ai aj ak\" dir=\"ltr\">Se presentan 5 problemas, 2 de los cuales son propuestos por el PT-maths -in (red portuguesa) y los otros 3 por el espa\u00f1ol math-in.<\/span><\/p>\n<p><span class=\"ui-provider gs b c d e f g h i j k l m n o p q r s t u v w x y z ab ac ae af ag ah ai aj ak\" dir=\"ltr\">1. \u00a0Optimizaci\u00f3n de rutas para un conjunto de proveedores.<br \/>\n2.\u00a0 Pruebas grupales de grandes poblaciones.<br \/>\n3. \u00a0Diversidad en el an\u00e1lisis de conglomerados.<br \/>\n4. \u00a0Desarrollo de un algoritmo para la segmentaci\u00f3n autom\u00e1tica y orientaci\u00f3n de la intervenci\u00f3n de crioablaci\u00f3n para tumores desmoides.<br \/>\n5. \u00a0Hacia bater\u00edas de metal de litio m\u00e1s eficientes.<\/span><\/p>\n","protected":false},"excerpt":{"rendered":"<p>Problemas Se presentan 5 problemas, 2 de los cuales son [&hellip;]<\/p>\n","protected":false},"author":5,"featured_media":0,"parent":0,"menu_order":0,"comment_status":"closed","ping_status":"closed","template":"","meta":[],"yoast_head":"<!-- This site is optimized with the Yoast SEO plugin v19.0 - https:\/\/yoast.com\/wordpress\/plugins\/seo\/ -->\n<title>Problemas - IX IBERIAN MODELLING WEEK<\/title>\n<meta name=\"robots\" content=\"index, follow, max-snippet:-1, max-image-preview:large, max-video-preview:-1\" \/>\n<link rel=\"canonical\" href=\"https:\/\/math-in.net\/9imw\/problemas\/\" \/>\n<meta property=\"og:locale\" content=\"es_ES\" \/>\n<meta property=\"og:type\" content=\"article\" \/>\n<meta property=\"og:title\" content=\"Problemas - IX IBERIAN MODELLING WEEK\" \/>\n<meta property=\"og:description\" content=\"Problemas Se presentan 5 problemas, 2 de los cuales son [&hellip;]\" \/>\n<meta property=\"og:url\" content=\"https:\/\/math-in.net\/9imw\/problemas\/\" \/>\n<meta property=\"og:site_name\" content=\"IX IBERIAN MODELLING WEEK\" \/>\n<meta property=\"article:modified_time\" content=\"2023-06-13T09:05:24+00:00\" \/>\n<meta name=\"twitter:card\" content=\"summary_large_image\" \/>\n<script type=\"application\/ld+json\" class=\"yoast-schema-graph\">{\"@context\":\"https:\/\/schema.org\",\"@graph\":[{\"@type\":\"WebSite\",\"@id\":\"https:\/\/math-in.net\/9imw\/#website\",\"url\":\"https:\/\/math-in.net\/9imw\/\",\"name\":\"IX IBERIAN MODELLING WEEK\",\"description\":\"Otro sitio m\u00e1s de math-in sitios\",\"potentialAction\":[{\"@type\":\"SearchAction\",\"target\":{\"@type\":\"EntryPoint\",\"urlTemplate\":\"https:\/\/math-in.net\/9imw\/?s={search_term_string}\"},\"query-input\":\"required name=search_term_string\"}],\"inLanguage\":\"es\"},{\"@type\":\"WebPage\",\"@id\":\"https:\/\/math-in.net\/9imw\/problemas\/#webpage\",\"url\":\"https:\/\/math-in.net\/9imw\/problemas\/\",\"name\":\"Problemas - IX IBERIAN MODELLING WEEK\",\"isPartOf\":{\"@id\":\"https:\/\/math-in.net\/9imw\/#website\"},\"datePublished\":\"2023-05-23T08:23:08+00:00\",\"dateModified\":\"2023-06-13T09:05:24+00:00\",\"breadcrumb\":{\"@id\":\"https:\/\/math-in.net\/9imw\/problemas\/#breadcrumb\"},\"inLanguage\":\"es\",\"potentialAction\":[{\"@type\":\"ReadAction\",\"target\":[\"https:\/\/math-in.net\/9imw\/problemas\/\"]}]},{\"@type\":\"BreadcrumbList\",\"@id\":\"https:\/\/math-in.net\/9imw\/problemas\/#breadcrumb\",\"itemListElement\":[{\"@type\":\"ListItem\",\"position\":1,\"name\":\"Portada\",\"item\":\"https:\/\/math-in.net\/9imw\/\"},{\"@type\":\"ListItem\",\"position\":2,\"name\":\"Problemas\"}]}]}<\/script>\n<!-- \/ Yoast SEO plugin. -->","yoast_head_json":{"title":"Problemas - IX IBERIAN MODELLING WEEK","robots":{"index":"index","follow":"follow","max-snippet":"max-snippet:-1","max-image-preview":"max-image-preview:large","max-video-preview":"max-video-preview:-1"},"canonical":"https:\/\/math-in.net\/9imw\/problemas\/","og_locale":"es_ES","og_type":"article","og_title":"Problemas - IX IBERIAN MODELLING WEEK","og_description":"Problemas Se presentan 5 problemas, 2 de los cuales son [&hellip;]","og_url":"https:\/\/math-in.net\/9imw\/problemas\/","og_site_name":"IX IBERIAN MODELLING WEEK","article_modified_time":"2023-06-13T09:05:24+00:00","twitter_card":"summary_large_image","schema":{"@context":"https:\/\/schema.org","@graph":[{"@type":"WebSite","@id":"https:\/\/math-in.net\/9imw\/#website","url":"https:\/\/math-in.net\/9imw\/","name":"IX IBERIAN MODELLING WEEK","description":"Otro sitio m\u00e1s de math-in sitios","potentialAction":[{"@type":"SearchAction","target":{"@type":"EntryPoint","urlTemplate":"https:\/\/math-in.net\/9imw\/?s={search_term_string}"},"query-input":"required name=search_term_string"}],"inLanguage":"es"},{"@type":"WebPage","@id":"https:\/\/math-in.net\/9imw\/problemas\/#webpage","url":"https:\/\/math-in.net\/9imw\/problemas\/","name":"Problemas - IX IBERIAN MODELLING WEEK","isPartOf":{"@id":"https:\/\/math-in.net\/9imw\/#website"},"datePublished":"2023-05-23T08:23:08+00:00","dateModified":"2023-06-13T09:05:24+00:00","breadcrumb":{"@id":"https:\/\/math-in.net\/9imw\/problemas\/#breadcrumb"},"inLanguage":"es","potentialAction":[{"@type":"ReadAction","target":["https:\/\/math-in.net\/9imw\/problemas\/"]}]},{"@type":"BreadcrumbList","@id":"https:\/\/math-in.net\/9imw\/problemas\/#breadcrumb","itemListElement":[{"@type":"ListItem","position":1,"name":"Portada","item":"https:\/\/math-in.net\/9imw\/"},{"@type":"ListItem","position":2,"name":"Problemas"}]}]}},"_links":{"self":[{"href":"https:\/\/math-in.net\/9imw\/wp-json\/wp\/v2\/pages\/28"}],"collection":[{"href":"https:\/\/math-in.net\/9imw\/wp-json\/wp\/v2\/pages"}],"about":[{"href":"https:\/\/math-in.net\/9imw\/wp-json\/wp\/v2\/types\/page"}],"author":[{"embeddable":true,"href":"https:\/\/math-in.net\/9imw\/wp-json\/wp\/v2\/users\/5"}],"replies":[{"embeddable":true,"href":"https:\/\/math-in.net\/9imw\/wp-json\/wp\/v2\/comments?post=28"}],"version-history":[{"count":5,"href":"https:\/\/math-in.net\/9imw\/wp-json\/wp\/v2\/pages\/28\/revisions"}],"predecessor-version":[{"id":379,"href":"https:\/\/math-in.net\/9imw\/wp-json\/wp\/v2\/pages\/28\/revisions\/379"}],"wp:attachment":[{"href":"https:\/\/math-in.net\/9imw\/wp-json\/wp\/v2\/media?parent=28"}],"curies":[{"name":"wp","href":"https:\/\/api.w.org\/{rel}","templated":true}]}}