{"id":204,"date":"2023-05-30T08:57:52","date_gmt":"2023-05-30T08:57:52","guid":{"rendered":"http:\/\/math-in.net\/9imw\/?page_id=204"},"modified":"2023-06-06T11:56:38","modified_gmt":"2023-06-06T11:56:38","slug":"problema-4","status":"publish","type":"page","link":"https:\/\/math-in.net\/9imw\/problema-4\/","title":{"rendered":"Problema 4"},"content":{"rendered":"<h4>Problema 4<\/h4>\n<p><img class=\"alignnone size-medium wp-image-260\" src=\"http:\/\/math-in.net\/9imw\/wp-content\/uploads\/sites\/17\/2023\/05\/IAC3-1-300x44.png\" alt=\"\" width=\"300\" height=\"44\" srcset=\"https:\/\/math-in.net\/9imw\/wp-content\/uploads\/sites\/17\/2023\/05\/IAC3-1-200x30.png 200w, https:\/\/math-in.net\/9imw\/wp-content\/uploads\/sites\/17\/2023\/05\/IAC3-1-300x44.png 300w, https:\/\/math-in.net\/9imw\/wp-content\/uploads\/sites\/17\/2023\/05\/IAC3-1-400x59.png 400w, https:\/\/math-in.net\/9imw\/wp-content\/uploads\/sites\/17\/2023\/05\/IAC3-1.png 533w\" sizes=\"(max-width: 300px) 100vw, 300px\" \/><\/p>\n<p id=\"tw-target-text\" class=\"tw-data-text tw-text-large tw-ta\" dir=\"ltr\" data-placeholder=\"Traducci\u00f3n\"><span class=\"Y2IQFc\" lang=\"es\"><strong>T\u00edtulo |<\/strong> Desarrollo de un algoritmo para segmentaci\u00f3n autom\u00e1tica y gu\u00eda de intervenci\u00f3n de crioablaci\u00f3n para tumores desmoides. <\/span><\/p>\n<p class=\"tw-data-text tw-text-large tw-ta\" dir=\"ltr\" data-placeholder=\"Traducci\u00f3n\"><span class=\"Y2IQFc\" lang=\"es\"><strong>Breve descripci\u00f3n |<\/strong> El proceso implica la administraci\u00f3n de un agente congelante extremadamente fr\u00edo (nitr\u00f3geno l\u00edquido, \u00f3xido nitroso l\u00edquido o gas arg\u00f3n comprimido) a trav\u00e9s de un sistema de aguja fina llamado criosonda que congela y destruye el tejido anormal. <\/span><\/p>\n<p class=\"tw-data-text tw-text-large tw-ta\" dir=\"ltr\" data-placeholder=\"Traducci\u00f3n\"><span class=\"Y2IQFc\" lang=\"es\">Durante un procedimiento de crioablaci\u00f3n, se insertan una o m\u00e1s criosondas en el \u00e1rea afectada en diferentes puntos del tumor. Una vez que se inserta la aguja, el agente congelante circula dentro de las criosondas, creando una bola de hielo alrededor del tejido objetivo. Las bolas de hielo cubren todo el tumor, as\u00ed como un margen de tejido sano, para garantizar que el \u00e1rea haya sido completamente tratada. Basado en una segmentaci\u00f3n autom\u00e1tica de los tumores, el problema propuesto es la selecci\u00f3n \u00f3ptima del n\u00famero m\u00ednimo y la posici\u00f3n de los balones de crioablaci\u00f3n para dar una temperatura uniforme en todo el volumen del tumor.<\/span><\/p>\n<p class=\"tw-data-text tw-text-large tw-ta\" dir=\"ltr\" data-placeholder=\"Traducci\u00f3n\"><span class=\"Y2IQFc\" lang=\"es\">Antecedentes matem\u00e1ticos | Los estudiantes necesitan tener conocimientos b\u00e1sicos de alg\u00fan lenguaje de programaci\u00f3n, an\u00e1lisis num\u00e9rico b\u00e1sico, c\u00e1lculo de variaciones y modelizaci\u00f3n.<\/span><\/p>\n<p class=\"tw-data-text tw-text-large tw-ta\" dir=\"ltr\" data-placeholder=\"Traducci\u00f3n\"><span class=\"Y2IQFc\" lang=\"es\">Coordinator | Bartomeu Coll, Departamento de Matem\u00e1ticas e Inform\u00e1tica de la UIB e Investigador en el\u00a0 <a href=\"http:\/\/iac3.uib.es\/\">IAC3<\/a>, <a href=\"https:\/\/www.uib.es\/es\/\">Universidad de las Islas Baleares<\/a> (Espa\u00f1a)<br \/>\n<\/span><\/p>\n","protected":false},"excerpt":{"rendered":"<p>Problema 4 T\u00edtulo | Desarrollo de un algoritmo para segmentaci\u00f3n [&hellip;]<\/p>\n","protected":false},"author":5,"featured_media":0,"parent":0,"menu_order":0,"comment_status":"closed","ping_status":"closed","template":"","meta":[],"yoast_head":"<!-- This site is optimized with the Yoast SEO plugin v19.0 - https:\/\/yoast.com\/wordpress\/plugins\/seo\/ -->\n<title>Problema 4 - IX IBERIAN MODELLING WEEK<\/title>\n<meta name=\"robots\" content=\"index, follow, max-snippet:-1, max-image-preview:large, max-video-preview:-1\" \/>\n<link rel=\"canonical\" href=\"https:\/\/math-in.net\/9imw\/problema-4\/\" \/>\n<meta property=\"og:locale\" content=\"es_ES\" \/>\n<meta property=\"og:type\" content=\"article\" \/>\n<meta property=\"og:title\" content=\"Problema 4 - IX IBERIAN MODELLING WEEK\" \/>\n<meta property=\"og:description\" content=\"Problema 4 T\u00edtulo | Desarrollo de un algoritmo para segmentaci\u00f3n [&hellip;]\" \/>\n<meta property=\"og:url\" content=\"https:\/\/math-in.net\/9imw\/problema-4\/\" \/>\n<meta property=\"og:site_name\" content=\"IX IBERIAN MODELLING WEEK\" \/>\n<meta property=\"article:modified_time\" content=\"2023-06-06T11:56:38+00:00\" \/>\n<meta property=\"og:image\" content=\"http:\/\/math-in.net\/9imw\/wp-content\/uploads\/sites\/17\/2023\/05\/IAC3-1-300x44.png\" \/>\n<meta name=\"twitter:card\" content=\"summary_large_image\" \/>\n<meta name=\"twitter:label1\" content=\"Tiempo de lectura\" \/>\n\t<meta name=\"twitter:data1\" content=\"1 minuto\" \/>\n<script type=\"application\/ld+json\" class=\"yoast-schema-graph\">{\"@context\":\"https:\/\/schema.org\",\"@graph\":[{\"@type\":\"WebSite\",\"@id\":\"https:\/\/math-in.net\/9imw\/#website\",\"url\":\"https:\/\/math-in.net\/9imw\/\",\"name\":\"IX IBERIAN MODELLING WEEK\",\"description\":\"Otro sitio m\u00e1s de math-in sitios\",\"potentialAction\":[{\"@type\":\"SearchAction\",\"target\":{\"@type\":\"EntryPoint\",\"urlTemplate\":\"https:\/\/math-in.net\/9imw\/?s={search_term_string}\"},\"query-input\":\"required name=search_term_string\"}],\"inLanguage\":\"es\"},{\"@type\":\"ImageObject\",\"inLanguage\":\"es\",\"@id\":\"https:\/\/math-in.net\/9imw\/problema-4\/#primaryimage\",\"url\":\"https:\/\/math-in.net\/9imw\/wp-content\/uploads\/sites\/17\/2023\/05\/IAC3-1.png\",\"contentUrl\":\"https:\/\/math-in.net\/9imw\/wp-content\/uploads\/sites\/17\/2023\/05\/IAC3-1.png\",\"width\":533,\"height\":79},{\"@type\":\"WebPage\",\"@id\":\"https:\/\/math-in.net\/9imw\/problema-4\/#webpage\",\"url\":\"https:\/\/math-in.net\/9imw\/problema-4\/\",\"name\":\"Problema 4 - IX IBERIAN MODELLING WEEK\",\"isPartOf\":{\"@id\":\"https:\/\/math-in.net\/9imw\/#website\"},\"primaryImageOfPage\":{\"@id\":\"https:\/\/math-in.net\/9imw\/problema-4\/#primaryimage\"},\"datePublished\":\"2023-05-30T08:57:52+00:00\",\"dateModified\":\"2023-06-06T11:56:38+00:00\",\"breadcrumb\":{\"@id\":\"https:\/\/math-in.net\/9imw\/problema-4\/#breadcrumb\"},\"inLanguage\":\"es\",\"potentialAction\":[{\"@type\":\"ReadAction\",\"target\":[\"https:\/\/math-in.net\/9imw\/problema-4\/\"]}]},{\"@type\":\"BreadcrumbList\",\"@id\":\"https:\/\/math-in.net\/9imw\/problema-4\/#breadcrumb\",\"itemListElement\":[{\"@type\":\"ListItem\",\"position\":1,\"name\":\"Portada\",\"item\":\"https:\/\/math-in.net\/9imw\/\"},{\"@type\":\"ListItem\",\"position\":2,\"name\":\"Problema 4\"}]}]}<\/script>\n<!-- \/ Yoast SEO plugin. -->","yoast_head_json":{"title":"Problema 4 - IX IBERIAN MODELLING WEEK","robots":{"index":"index","follow":"follow","max-snippet":"max-snippet:-1","max-image-preview":"max-image-preview:large","max-video-preview":"max-video-preview:-1"},"canonical":"https:\/\/math-in.net\/9imw\/problema-4\/","og_locale":"es_ES","og_type":"article","og_title":"Problema 4 - IX IBERIAN MODELLING WEEK","og_description":"Problema 4 T\u00edtulo | Desarrollo de un algoritmo para segmentaci\u00f3n [&hellip;]","og_url":"https:\/\/math-in.net\/9imw\/problema-4\/","og_site_name":"IX IBERIAN MODELLING WEEK","article_modified_time":"2023-06-06T11:56:38+00:00","og_image":[{"url":"http:\/\/math-in.net\/9imw\/wp-content\/uploads\/sites\/17\/2023\/05\/IAC3-1-300x44.png"}],"twitter_card":"summary_large_image","twitter_misc":{"Tiempo de lectura":"1 minuto"},"schema":{"@context":"https:\/\/schema.org","@graph":[{"@type":"WebSite","@id":"https:\/\/math-in.net\/9imw\/#website","url":"https:\/\/math-in.net\/9imw\/","name":"IX IBERIAN MODELLING WEEK","description":"Otro sitio m\u00e1s de math-in sitios","potentialAction":[{"@type":"SearchAction","target":{"@type":"EntryPoint","urlTemplate":"https:\/\/math-in.net\/9imw\/?s={search_term_string}"},"query-input":"required name=search_term_string"}],"inLanguage":"es"},{"@type":"ImageObject","inLanguage":"es","@id":"https:\/\/math-in.net\/9imw\/problema-4\/#primaryimage","url":"https:\/\/math-in.net\/9imw\/wp-content\/uploads\/sites\/17\/2023\/05\/IAC3-1.png","contentUrl":"https:\/\/math-in.net\/9imw\/wp-content\/uploads\/sites\/17\/2023\/05\/IAC3-1.png","width":533,"height":79},{"@type":"WebPage","@id":"https:\/\/math-in.net\/9imw\/problema-4\/#webpage","url":"https:\/\/math-in.net\/9imw\/problema-4\/","name":"Problema 4 - IX IBERIAN MODELLING WEEK","isPartOf":{"@id":"https:\/\/math-in.net\/9imw\/#website"},"primaryImageOfPage":{"@id":"https:\/\/math-in.net\/9imw\/problema-4\/#primaryimage"},"datePublished":"2023-05-30T08:57:52+00:00","dateModified":"2023-06-06T11:56:38+00:00","breadcrumb":{"@id":"https:\/\/math-in.net\/9imw\/problema-4\/#breadcrumb"},"inLanguage":"es","potentialAction":[{"@type":"ReadAction","target":["https:\/\/math-in.net\/9imw\/problema-4\/"]}]},{"@type":"BreadcrumbList","@id":"https:\/\/math-in.net\/9imw\/problema-4\/#breadcrumb","itemListElement":[{"@type":"ListItem","position":1,"name":"Portada","item":"https:\/\/math-in.net\/9imw\/"},{"@type":"ListItem","position":2,"name":"Problema 4"}]}]}},"_links":{"self":[{"href":"https:\/\/math-in.net\/9imw\/wp-json\/wp\/v2\/pages\/204"}],"collection":[{"href":"https:\/\/math-in.net\/9imw\/wp-json\/wp\/v2\/pages"}],"about":[{"href":"https:\/\/math-in.net\/9imw\/wp-json\/wp\/v2\/types\/page"}],"author":[{"embeddable":true,"href":"https:\/\/math-in.net\/9imw\/wp-json\/wp\/v2\/users\/5"}],"replies":[{"embeddable":true,"href":"https:\/\/math-in.net\/9imw\/wp-json\/wp\/v2\/comments?post=204"}],"version-history":[{"count":10,"href":"https:\/\/math-in.net\/9imw\/wp-json\/wp\/v2\/pages\/204\/revisions"}],"predecessor-version":[{"id":307,"href":"https:\/\/math-in.net\/9imw\/wp-json\/wp\/v2\/pages\/204\/revisions\/307"}],"wp:attachment":[{"href":"https:\/\/math-in.net\/9imw\/wp-json\/wp\/v2\/media?parent=204"}],"curies":[{"name":"wp","href":"https:\/\/api.w.org\/{rel}","templated":true}]}}