{"id":198,"date":"2023-05-30T08:54:36","date_gmt":"2023-05-30T08:54:36","guid":{"rendered":"http:\/\/math-in.net\/9imw\/?page_id=198"},"modified":"2023-06-06T11:54:57","modified_gmt":"2023-06-06T11:54:57","slug":"problema-3","status":"publish","type":"page","link":"https:\/\/math-in.net\/9imw\/problema-3\/","title":{"rendered":"Problema 3"},"content":{"rendered":"<h4>Problema 3<\/h4>\n<p><img class=\"alignnone size-medium wp-image-255\" src=\"http:\/\/math-in.net\/9imw\/wp-content\/uploads\/sites\/17\/2023\/05\/IMUS-1-300x43.png\" alt=\"\" width=\"300\" height=\"43\" srcset=\"https:\/\/math-in.net\/9imw\/wp-content\/uploads\/sites\/17\/2023\/05\/IMUS-1-200x29.png 200w, https:\/\/math-in.net\/9imw\/wp-content\/uploads\/sites\/17\/2023\/05\/IMUS-1-300x43.png 300w, https:\/\/math-in.net\/9imw\/wp-content\/uploads\/sites\/17\/2023\/05\/IMUS-1-400x57.png 400w, https:\/\/math-in.net\/9imw\/wp-content\/uploads\/sites\/17\/2023\/05\/IMUS-1-600x86.png 600w, https:\/\/math-in.net\/9imw\/wp-content\/uploads\/sites\/17\/2023\/05\/IMUS-1-768x110.png 768w, https:\/\/math-in.net\/9imw\/wp-content\/uploads\/sites\/17\/2023\/05\/IMUS-1-800x114.png 800w, https:\/\/math-in.net\/9imw\/wp-content\/uploads\/sites\/17\/2023\/05\/IMUS-1-1024x146.png 1024w, https:\/\/math-in.net\/9imw\/wp-content\/uploads\/sites\/17\/2023\/05\/IMUS-1-1200x171.png 1200w, https:\/\/math-in.net\/9imw\/wp-content\/uploads\/sites\/17\/2023\/05\/IMUS-1-1536x219.png 1536w, https:\/\/math-in.net\/9imw\/wp-content\/uploads\/sites\/17\/2023\/05\/IMUS-1.png 2208w\" sizes=\"(max-width: 300px) 100vw, 300px\" \/><\/p>\n<p id=\"tw-target-text\" class=\"tw-data-text tw-text-large tw-ta\" dir=\"ltr\" data-placeholder=\"Traducci\u00f3n\"><span class=\"Y2IQFc\" lang=\"es\"><strong>T\u00edtulo |<\/strong>Diversidad en el an\u00e1lisis de conglomerados.<\/span><\/p>\n<p class=\"tw-data-text tw-text-large tw-ta\" dir=\"ltr\" data-placeholder=\"Traducci\u00f3n\"><span class=\"Y2IQFc\" lang=\"es\"><strong>Breve descripci\u00f3n | <\/strong>En el an\u00e1lisis de conglomerados, dado un conjunto de datos X y una matriz de distancias en X, se busca una partici\u00f3n de X en p subconjuntos de tal manera que los elementos del mismo grupo est\u00e9n cerca unos de otros (y los elementos de diferentes subconjuntos est\u00e9n lejos unos de otros). otro). Al mismo tiempo, se elige un representante de cada grupo. Supongamos un problema en el que se considera la equidad: tenemos una o varias caracter\u00edsticas categ\u00f3ricas (en el caso m\u00e1s simple, una variable binaria), que identifican cuestiones sensibles (por ejemplo, raza, g\u00e9nero, nacionalidad, etc.). Los prototipos seleccionados pueden no ser lo suficientemente diversos en t\u00e9rminos de tales caracter\u00edsticas.<\/span><\/p>\n<p class=\"tw-data-text tw-text-large tw-ta\" dir=\"ltr\" data-placeholder=\"Traducci\u00f3n\"><span class=\"Y2IQFc\" lang=\"es\">El desaf\u00edo es modelar el problema incorporando un criterio de diversidad para los representantes elegidos. Se desarrollar\u00e1 un modelo de optimizaci\u00f3n matem\u00e1tica y se dise\u00f1ar\u00e1 e implementar\u00e1 un algoritmo para abordar el desaf\u00edo. <\/span><\/p>\n<p class=\"tw-data-text tw-text-large tw-ta\" dir=\"ltr\" data-placeholder=\"Traducci\u00f3n\"><span class=\"Y2IQFc\" lang=\"es\">Antecedentes matem\u00e1ticos | Los estudiantes necesitan tener conocimientos b\u00e1sicos de alg\u00fan lenguaje de programaci\u00f3n, estad\u00edsticas b\u00e1sicas y\/o an\u00e1lisis de datos.<\/span><\/p>\n<p class=\"tw-data-text tw-text-large tw-ta\" dir=\"ltr\" data-placeholder=\"Traducci\u00f3n\"><span class=\"Y2IQFc\" lang=\"es\">Coordinador | Emilio Carrizosa, Departamento de Estad\u00edstica e Investigaci\u00f3n Operativa, Universidad de Sevilla, Espa\u00f1a<\/span><\/p>\n","protected":false},"excerpt":{"rendered":"<p>Problema 3 T\u00edtulo |Diversidad en el an\u00e1lisis de conglomerados. Breve [&hellip;]<\/p>\n","protected":false},"author":5,"featured_media":0,"parent":0,"menu_order":0,"comment_status":"closed","ping_status":"closed","template":"","meta":[],"yoast_head":"<!-- This site is optimized with the Yoast SEO plugin v19.0 - https:\/\/yoast.com\/wordpress\/plugins\/seo\/ -->\n<title>Problema 3 - IX IBERIAN MODELLING WEEK<\/title>\n<meta name=\"robots\" content=\"index, follow, max-snippet:-1, max-image-preview:large, max-video-preview:-1\" \/>\n<link rel=\"canonical\" href=\"https:\/\/math-in.net\/9imw\/problema-3\/\" \/>\n<meta property=\"og:locale\" content=\"es_ES\" \/>\n<meta property=\"og:type\" content=\"article\" \/>\n<meta property=\"og:title\" content=\"Problema 3 - IX IBERIAN MODELLING WEEK\" \/>\n<meta property=\"og:description\" content=\"Problema 3 T\u00edtulo |Diversidad en el an\u00e1lisis de conglomerados. Breve [&hellip;]\" \/>\n<meta property=\"og:url\" content=\"https:\/\/math-in.net\/9imw\/problema-3\/\" \/>\n<meta property=\"og:site_name\" content=\"IX IBERIAN MODELLING WEEK\" \/>\n<meta property=\"article:modified_time\" content=\"2023-06-06T11:54:57+00:00\" \/>\n<meta property=\"og:image\" content=\"http:\/\/math-in.net\/9imw\/wp-content\/uploads\/sites\/17\/2023\/05\/IMUS-1-300x43.png\" \/>\n<meta name=\"twitter:card\" content=\"summary_large_image\" \/>\n<meta name=\"twitter:label1\" content=\"Tiempo de lectura\" \/>\n\t<meta name=\"twitter:data1\" content=\"1 minuto\" \/>\n<script type=\"application\/ld+json\" class=\"yoast-schema-graph\">{\"@context\":\"https:\/\/schema.org\",\"@graph\":[{\"@type\":\"WebSite\",\"@id\":\"https:\/\/math-in.net\/9imw\/#website\",\"url\":\"https:\/\/math-in.net\/9imw\/\",\"name\":\"IX IBERIAN MODELLING WEEK\",\"description\":\"Otro sitio m\u00e1s de math-in sitios\",\"potentialAction\":[{\"@type\":\"SearchAction\",\"target\":{\"@type\":\"EntryPoint\",\"urlTemplate\":\"https:\/\/math-in.net\/9imw\/?s={search_term_string}\"},\"query-input\":\"required name=search_term_string\"}],\"inLanguage\":\"es\"},{\"@type\":\"ImageObject\",\"inLanguage\":\"es\",\"@id\":\"https:\/\/math-in.net\/9imw\/problema-3\/#primaryimage\",\"url\":\"https:\/\/math-in.net\/9imw\/wp-content\/uploads\/sites\/17\/2023\/05\/IMUS-1.png\",\"contentUrl\":\"https:\/\/math-in.net\/9imw\/wp-content\/uploads\/sites\/17\/2023\/05\/IMUS-1.png\",\"width\":2208,\"height\":315},{\"@type\":\"WebPage\",\"@id\":\"https:\/\/math-in.net\/9imw\/problema-3\/#webpage\",\"url\":\"https:\/\/math-in.net\/9imw\/problema-3\/\",\"name\":\"Problema 3 - IX IBERIAN MODELLING WEEK\",\"isPartOf\":{\"@id\":\"https:\/\/math-in.net\/9imw\/#website\"},\"primaryImageOfPage\":{\"@id\":\"https:\/\/math-in.net\/9imw\/problema-3\/#primaryimage\"},\"datePublished\":\"2023-05-30T08:54:36+00:00\",\"dateModified\":\"2023-06-06T11:54:57+00:00\",\"breadcrumb\":{\"@id\":\"https:\/\/math-in.net\/9imw\/problema-3\/#breadcrumb\"},\"inLanguage\":\"es\",\"potentialAction\":[{\"@type\":\"ReadAction\",\"target\":[\"https:\/\/math-in.net\/9imw\/problema-3\/\"]}]},{\"@type\":\"BreadcrumbList\",\"@id\":\"https:\/\/math-in.net\/9imw\/problema-3\/#breadcrumb\",\"itemListElement\":[{\"@type\":\"ListItem\",\"position\":1,\"name\":\"Portada\",\"item\":\"https:\/\/math-in.net\/9imw\/\"},{\"@type\":\"ListItem\",\"position\":2,\"name\":\"Problema 3\"}]}]}<\/script>\n<!-- \/ Yoast SEO plugin. -->","yoast_head_json":{"title":"Problema 3 - IX IBERIAN MODELLING WEEK","robots":{"index":"index","follow":"follow","max-snippet":"max-snippet:-1","max-image-preview":"max-image-preview:large","max-video-preview":"max-video-preview:-1"},"canonical":"https:\/\/math-in.net\/9imw\/problema-3\/","og_locale":"es_ES","og_type":"article","og_title":"Problema 3 - IX IBERIAN MODELLING WEEK","og_description":"Problema 3 T\u00edtulo |Diversidad en el an\u00e1lisis de conglomerados. Breve [&hellip;]","og_url":"https:\/\/math-in.net\/9imw\/problema-3\/","og_site_name":"IX IBERIAN MODELLING WEEK","article_modified_time":"2023-06-06T11:54:57+00:00","og_image":[{"url":"http:\/\/math-in.net\/9imw\/wp-content\/uploads\/sites\/17\/2023\/05\/IMUS-1-300x43.png"}],"twitter_card":"summary_large_image","twitter_misc":{"Tiempo de lectura":"1 minuto"},"schema":{"@context":"https:\/\/schema.org","@graph":[{"@type":"WebSite","@id":"https:\/\/math-in.net\/9imw\/#website","url":"https:\/\/math-in.net\/9imw\/","name":"IX IBERIAN MODELLING WEEK","description":"Otro sitio m\u00e1s de math-in sitios","potentialAction":[{"@type":"SearchAction","target":{"@type":"EntryPoint","urlTemplate":"https:\/\/math-in.net\/9imw\/?s={search_term_string}"},"query-input":"required name=search_term_string"}],"inLanguage":"es"},{"@type":"ImageObject","inLanguage":"es","@id":"https:\/\/math-in.net\/9imw\/problema-3\/#primaryimage","url":"https:\/\/math-in.net\/9imw\/wp-content\/uploads\/sites\/17\/2023\/05\/IMUS-1.png","contentUrl":"https:\/\/math-in.net\/9imw\/wp-content\/uploads\/sites\/17\/2023\/05\/IMUS-1.png","width":2208,"height":315},{"@type":"WebPage","@id":"https:\/\/math-in.net\/9imw\/problema-3\/#webpage","url":"https:\/\/math-in.net\/9imw\/problema-3\/","name":"Problema 3 - IX IBERIAN MODELLING WEEK","isPartOf":{"@id":"https:\/\/math-in.net\/9imw\/#website"},"primaryImageOfPage":{"@id":"https:\/\/math-in.net\/9imw\/problema-3\/#primaryimage"},"datePublished":"2023-05-30T08:54:36+00:00","dateModified":"2023-06-06T11:54:57+00:00","breadcrumb":{"@id":"https:\/\/math-in.net\/9imw\/problema-3\/#breadcrumb"},"inLanguage":"es","potentialAction":[{"@type":"ReadAction","target":["https:\/\/math-in.net\/9imw\/problema-3\/"]}]},{"@type":"BreadcrumbList","@id":"https:\/\/math-in.net\/9imw\/problema-3\/#breadcrumb","itemListElement":[{"@type":"ListItem","position":1,"name":"Portada","item":"https:\/\/math-in.net\/9imw\/"},{"@type":"ListItem","position":2,"name":"Problema 3"}]}]}},"_links":{"self":[{"href":"https:\/\/math-in.net\/9imw\/wp-json\/wp\/v2\/pages\/198"}],"collection":[{"href":"https:\/\/math-in.net\/9imw\/wp-json\/wp\/v2\/pages"}],"about":[{"href":"https:\/\/math-in.net\/9imw\/wp-json\/wp\/v2\/types\/page"}],"author":[{"embeddable":true,"href":"https:\/\/math-in.net\/9imw\/wp-json\/wp\/v2\/users\/5"}],"replies":[{"embeddable":true,"href":"https:\/\/math-in.net\/9imw\/wp-json\/wp\/v2\/comments?post=198"}],"version-history":[{"count":6,"href":"https:\/\/math-in.net\/9imw\/wp-json\/wp\/v2\/pages\/198\/revisions"}],"predecessor-version":[{"id":306,"href":"https:\/\/math-in.net\/9imw\/wp-json\/wp\/v2\/pages\/198\/revisions\/306"}],"wp:attachment":[{"href":"https:\/\/math-in.net\/9imw\/wp-json\/wp\/v2\/media?parent=198"}],"curies":[{"name":"wp","href":"https:\/\/api.w.org\/{rel}","templated":true}]}}