{"id":165,"date":"2023-05-25T09:32:05","date_gmt":"2023-05-25T09:32:05","guid":{"rendered":"http:\/\/math-in.net\/9imw\/?page_id=165"},"modified":"2023-06-14T08:52:59","modified_gmt":"2023-06-14T08:52:59","slug":"comissao-cientifica","status":"publish","type":"page","link":"https:\/\/math-in.net\/9imw\/pt\/comissao-cientifica\/","title":{"rendered":"Comiss\u00e3o Cient\u00edfica"},"content":{"rendered":"<h4>Comiss\u00e3o Cient\u00edfica<\/h4>\n<p>A Comiss\u00e3o Cient\u00edfica aprova os problemas e oradores escolhidos de entre os propostos pelos pr\u00f3prios membros da comiss\u00e3o.<\/p>\n<p>Os membros da Comiss\u00e3o Cient\u00edfica s\u00e3o:<\/p>\n<p>Ara\u00fajo, Ad\u00e9rito. Departamento de Matem\u00e1tica da FCT, Universidade de Coimbra. Investigador do CMUC.<\/p>\n<p>Carrizosa, Emilio. Departamento de Estat\u00edstica e Investiga\u00e7\u00e3o Operacional da Universidade de Sevilha. Investigador do Instituto de Matem\u00e1tica da Universidade de Sevilha.<\/p>\n<p>Oliver, Ramon. Departamento de F\u00edsica da Universidade das Ilhas Baleares. Investigador do IAC3 (Instituto de Computa\u00e7\u00e3o Aplicada e C\u00f3digo Comunit\u00e1rio).<\/p>\n<p>Petro, Ana Belen. Departamento de Matem\u00e1tica e Inform\u00e1tica \u00a0da Universidade das Ilhas Baleares. Investigador do IAC3 (Instituto de Computa\u00e7\u00e3o Aplicada e C\u00f3digo Comunit\u00e1rio).<\/p>\n<p>Soares, Ana Jacinta. Departamento de Matem\u00e1tica, Universidade do Minho. Investigadora do CMAT. Presidente da PT-MATHS-IN.<\/p>\n","protected":false},"excerpt":{"rendered":"<p>Comiss\u00e3o Cient\u00edfica A Comiss\u00e3o Cient\u00edfica aprova os problemas e oradores [&hellip;]<\/p>\n","protected":false},"author":5,"featured_media":0,"parent":0,"menu_order":0,"comment_status":"closed","ping_status":"closed","template":"","meta":[],"yoast_head":"<!-- This site is optimized with the Yoast SEO plugin v19.0 - https:\/\/yoast.com\/wordpress\/plugins\/seo\/ -->\n<title>Comiss\u00e3o Cient\u00edfica - IX IBERIAN MODELLING WEEK<\/title>\n<meta name=\"robots\" content=\"index, follow, max-snippet:-1, max-image-preview:large, max-video-preview:-1\" \/>\n<link rel=\"canonical\" href=\"https:\/\/math-in.net\/9imw\/pt\/comissao-cientifica\/\" \/>\n<meta property=\"og:locale\" content=\"es_ES\" \/>\n<meta property=\"og:type\" content=\"article\" \/>\n<meta property=\"og:title\" content=\"Comiss\u00e3o Cient\u00edfica - IX IBERIAN MODELLING WEEK\" \/>\n<meta property=\"og:description\" content=\"Comiss\u00e3o Cient\u00edfica A Comiss\u00e3o Cient\u00edfica aprova os problemas e oradores [&hellip;]\" \/>\n<meta property=\"og:url\" content=\"https:\/\/math-in.net\/9imw\/pt\/comissao-cientifica\/\" \/>\n<meta property=\"og:site_name\" content=\"IX IBERIAN MODELLING WEEK\" \/>\n<meta property=\"article:modified_time\" content=\"2023-06-14T08:52:59+00:00\" \/>\n<meta name=\"twitter:card\" content=\"summary_large_image\" \/>\n<meta name=\"twitter:label1\" content=\"Tiempo de lectura\" \/>\n\t<meta name=\"twitter:data1\" content=\"1 minuto\" \/>\n<script type=\"application\/ld+json\" class=\"yoast-schema-graph\">{\"@context\":\"https:\/\/schema.org\",\"@graph\":[{\"@type\":\"WebSite\",\"@id\":\"https:\/\/math-in.net\/9imw\/#website\",\"url\":\"https:\/\/math-in.net\/9imw\/\",\"name\":\"IX IBERIAN MODELLING WEEK\",\"description\":\"Otro sitio m\u00e1s de math-in sitios\",\"potentialAction\":[{\"@type\":\"SearchAction\",\"target\":{\"@type\":\"EntryPoint\",\"urlTemplate\":\"https:\/\/math-in.net\/9imw\/?s={search_term_string}\"},\"query-input\":\"required name=search_term_string\"}],\"inLanguage\":\"es\"},{\"@type\":\"WebPage\",\"@id\":\"https:\/\/math-in.net\/9imw\/pt\/comissao-cientifica\/#webpage\",\"url\":\"https:\/\/math-in.net\/9imw\/pt\/comissao-cientifica\/\",\"name\":\"Comiss\u00e3o Cient\u00edfica - IX IBERIAN MODELLING WEEK\",\"isPartOf\":{\"@id\":\"https:\/\/math-in.net\/9imw\/#website\"},\"datePublished\":\"2023-05-25T09:32:05+00:00\",\"dateModified\":\"2023-06-14T08:52:59+00:00\",\"breadcrumb\":{\"@id\":\"https:\/\/math-in.net\/9imw\/pt\/comissao-cientifica\/#breadcrumb\"},\"inLanguage\":\"es\",\"potentialAction\":[{\"@type\":\"ReadAction\",\"target\":[\"https:\/\/math-in.net\/9imw\/pt\/comissao-cientifica\/\"]}]},{\"@type\":\"BreadcrumbList\",\"@id\":\"https:\/\/math-in.net\/9imw\/pt\/comissao-cientifica\/#breadcrumb\",\"itemListElement\":[{\"@type\":\"ListItem\",\"position\":1,\"name\":\"Portada\",\"item\":\"https:\/\/math-in.net\/9imw\/\"},{\"@type\":\"ListItem\",\"position\":2,\"name\":\"Comiss\u00e3o Cient\u00edfica\"}]}]}<\/script>\n<!-- \/ Yoast SEO plugin. -->","yoast_head_json":{"title":"Comiss\u00e3o Cient\u00edfica - IX IBERIAN MODELLING WEEK","robots":{"index":"index","follow":"follow","max-snippet":"max-snippet:-1","max-image-preview":"max-image-preview:large","max-video-preview":"max-video-preview:-1"},"canonical":"https:\/\/math-in.net\/9imw\/pt\/comissao-cientifica\/","og_locale":"es_ES","og_type":"article","og_title":"Comiss\u00e3o Cient\u00edfica - IX IBERIAN MODELLING WEEK","og_description":"Comiss\u00e3o Cient\u00edfica A Comiss\u00e3o Cient\u00edfica aprova os problemas e oradores [&hellip;]","og_url":"https:\/\/math-in.net\/9imw\/pt\/comissao-cientifica\/","og_site_name":"IX IBERIAN MODELLING WEEK","article_modified_time":"2023-06-14T08:52:59+00:00","twitter_card":"summary_large_image","twitter_misc":{"Tiempo de lectura":"1 minuto"},"schema":{"@context":"https:\/\/schema.org","@graph":[{"@type":"WebSite","@id":"https:\/\/math-in.net\/9imw\/#website","url":"https:\/\/math-in.net\/9imw\/","name":"IX IBERIAN MODELLING WEEK","description":"Otro sitio m\u00e1s de math-in sitios","potentialAction":[{"@type":"SearchAction","target":{"@type":"EntryPoint","urlTemplate":"https:\/\/math-in.net\/9imw\/?s={search_term_string}"},"query-input":"required name=search_term_string"}],"inLanguage":"es"},{"@type":"WebPage","@id":"https:\/\/math-in.net\/9imw\/pt\/comissao-cientifica\/#webpage","url":"https:\/\/math-in.net\/9imw\/pt\/comissao-cientifica\/","name":"Comiss\u00e3o Cient\u00edfica - IX IBERIAN MODELLING WEEK","isPartOf":{"@id":"https:\/\/math-in.net\/9imw\/#website"},"datePublished":"2023-05-25T09:32:05+00:00","dateModified":"2023-06-14T08:52:59+00:00","breadcrumb":{"@id":"https:\/\/math-in.net\/9imw\/pt\/comissao-cientifica\/#breadcrumb"},"inLanguage":"es","potentialAction":[{"@type":"ReadAction","target":["https:\/\/math-in.net\/9imw\/pt\/comissao-cientifica\/"]}]},{"@type":"BreadcrumbList","@id":"https:\/\/math-in.net\/9imw\/pt\/comissao-cientifica\/#breadcrumb","itemListElement":[{"@type":"ListItem","position":1,"name":"Portada","item":"https:\/\/math-in.net\/9imw\/"},{"@type":"ListItem","position":2,"name":"Comiss\u00e3o Cient\u00edfica"}]}]}},"_links":{"self":[{"href":"https:\/\/math-in.net\/9imw\/wp-json\/wp\/v2\/pages\/165"}],"collection":[{"href":"https:\/\/math-in.net\/9imw\/wp-json\/wp\/v2\/pages"}],"about":[{"href":"https:\/\/math-in.net\/9imw\/wp-json\/wp\/v2\/types\/page"}],"author":[{"embeddable":true,"href":"https:\/\/math-in.net\/9imw\/wp-json\/wp\/v2\/users\/5"}],"replies":[{"embeddable":true,"href":"https:\/\/math-in.net\/9imw\/wp-json\/wp\/v2\/comments?post=165"}],"version-history":[{"count":4,"href":"https:\/\/math-in.net\/9imw\/wp-json\/wp\/v2\/pages\/165\/revisions"}],"predecessor-version":[{"id":418,"href":"https:\/\/math-in.net\/9imw\/wp-json\/wp\/v2\/pages\/165\/revisions\/418"}],"wp:attachment":[{"href":"https:\/\/math-in.net\/9imw\/wp-json\/wp\/v2\/media?parent=165"}],"curies":[{"name":"wp","href":"https:\/\/api.w.org\/{rel}","templated":true}]}}