{"id":147,"date":"2023-05-25T09:24:31","date_gmt":"2023-05-25T09:24:31","guid":{"rendered":"http:\/\/math-in.net\/9imw\/?page_id=147"},"modified":"2023-06-06T11:53:47","modified_gmt":"2023-06-06T11:53:47","slug":"problema-2","status":"publish","type":"page","link":"https:\/\/math-in.net\/9imw\/problema-2\/","title":{"rendered":"Problema 2"},"content":{"rendered":"<h4>Problema 2<\/h4>\n<p><img class=\"alignnone size-full wp-image-249\" src=\"http:\/\/math-in.net\/9imw\/wp-content\/uploads\/sites\/17\/2023\/05\/CMUC.png\" alt=\"\" width=\"217\" height=\"89\" srcset=\"https:\/\/math-in.net\/9imw\/wp-content\/uploads\/sites\/17\/2023\/05\/CMUC-200x82.png 200w, https:\/\/math-in.net\/9imw\/wp-content\/uploads\/sites\/17\/2023\/05\/CMUC.png 217w\" sizes=\"(max-width: 217px) 100vw, 217px\" \/><\/p>\n<p id=\"tw-target-text\" class=\"tw-data-text tw-text-large tw-ta\" dir=\"ltr\" data-placeholder=\"Traducci\u00f3n\"><span class=\"Y2IQFc\" lang=\"es\"><strong>T\u00edtulo |<\/strong> Pruebas grupales de grandes poblaciones. <\/span><\/p>\n<p class=\"tw-data-text tw-text-large tw-ta\" dir=\"ltr\" data-placeholder=\"Traducci\u00f3n\"><span class=\"Y2IQFc\" lang=\"es\"><strong>Breve descripci\u00f3n | <\/strong>Examinar a cada miembro de una gran poblaci\u00f3n puede ser una tarea costosa y laboriosa. En muchos escenarios de prueba, la carga de trabajo se puede reducir significativamente al inspeccionar solo un subconjunto representativo de la poblaci\u00f3n total, en lugar de examinar a cada individuo. Sin embargo, en muchos contextos de inspecci\u00f3n, el objetivo es lograr una identificaci\u00f3n precisa de cada individuo en lugar de simplemente obtener informaci\u00f3n sobre una muestra representativa. <\/span><\/p>\n<p class=\"tw-data-text tw-text-large tw-ta\" dir=\"ltr\" data-placeholder=\"Traducci\u00f3n\"><span class=\"Y2IQFc\" lang=\"es\">Este es el caso, por ejemplo, cuando se detectan enfermedades infecciosas en la poblaci\u00f3n humana. <\/span><\/p>\n<p class=\"tw-data-text tw-text-large tw-ta\" dir=\"ltr\" data-placeholder=\"Traducci\u00f3n\"><span class=\"Y2IQFc\" lang=\"es\">El objetivo es encontrar una estrategia que identifique con precisi\u00f3n a las personas infectadas en una peque\u00f1a cantidad de pruebas y pocas rondas de pruebas. El escenario a considerar es una poblaci\u00f3n de individuos no emparentados con baja prevalencia de infecci\u00f3n en las pruebas de rutina. Antecedentes matem\u00e1ticos | Los estudiantes necesitan tener conocimientos b\u00e1sicos de alg\u00fan lenguaje de programaci\u00f3n, combinatoria b\u00e1sica y estad\u00edstica. <\/span><\/p>\n<p class=\"tw-data-text tw-text-large tw-ta\" dir=\"ltr\" data-placeholder=\"Traducci\u00f3n\"><span class=\"Y2IQFc\" lang=\"es\">Coordinador | S\u00edlvia Barbeiro, CMUC-Departamento de Matem\u00e1tica, Universidade de Coimbra, Portugal<\/span><\/p>\n","protected":false},"excerpt":{"rendered":"<p>Problema 2 T\u00edtulo | Pruebas grupales de grandes poblaciones. Breve [&hellip;]<\/p>\n","protected":false},"author":5,"featured_media":0,"parent":0,"menu_order":0,"comment_status":"closed","ping_status":"closed","template":"","meta":[],"yoast_head":"<!-- This site is optimized with the Yoast SEO plugin v19.0 - https:\/\/yoast.com\/wordpress\/plugins\/seo\/ -->\n<title>Problema 2 - IX IBERIAN MODELLING WEEK<\/title>\n<meta name=\"robots\" content=\"index, follow, max-snippet:-1, max-image-preview:large, max-video-preview:-1\" \/>\n<link rel=\"canonical\" href=\"https:\/\/math-in.net\/9imw\/problema-2\/\" \/>\n<meta property=\"og:locale\" content=\"es_ES\" \/>\n<meta property=\"og:type\" content=\"article\" \/>\n<meta property=\"og:title\" content=\"Problema 2 - IX IBERIAN MODELLING WEEK\" \/>\n<meta property=\"og:description\" content=\"Problema 2 T\u00edtulo | Pruebas grupales de grandes poblaciones. Breve [&hellip;]\" \/>\n<meta property=\"og:url\" content=\"https:\/\/math-in.net\/9imw\/problema-2\/\" \/>\n<meta property=\"og:site_name\" content=\"IX IBERIAN MODELLING WEEK\" \/>\n<meta property=\"article:modified_time\" content=\"2023-06-06T11:53:47+00:00\" \/>\n<meta property=\"og:image\" content=\"http:\/\/math-in.net\/9imw\/wp-content\/uploads\/sites\/17\/2023\/05\/CMUC.png\" \/>\n<meta name=\"twitter:card\" content=\"summary_large_image\" \/>\n<meta name=\"twitter:label1\" content=\"Tiempo de lectura\" \/>\n\t<meta name=\"twitter:data1\" content=\"1 minuto\" \/>\n<script type=\"application\/ld+json\" class=\"yoast-schema-graph\">{\"@context\":\"https:\/\/schema.org\",\"@graph\":[{\"@type\":\"WebSite\",\"@id\":\"https:\/\/math-in.net\/9imw\/#website\",\"url\":\"https:\/\/math-in.net\/9imw\/\",\"name\":\"IX IBERIAN MODELLING WEEK\",\"description\":\"Otro sitio m\u00e1s de math-in sitios\",\"potentialAction\":[{\"@type\":\"SearchAction\",\"target\":{\"@type\":\"EntryPoint\",\"urlTemplate\":\"https:\/\/math-in.net\/9imw\/?s={search_term_string}\"},\"query-input\":\"required name=search_term_string\"}],\"inLanguage\":\"es\"},{\"@type\":\"ImageObject\",\"inLanguage\":\"es\",\"@id\":\"https:\/\/math-in.net\/9imw\/problema-2\/#primaryimage\",\"url\":\"https:\/\/math-in.net\/9imw\/wp-content\/uploads\/sites\/17\/2023\/05\/CMUC.png\",\"contentUrl\":\"https:\/\/math-in.net\/9imw\/wp-content\/uploads\/sites\/17\/2023\/05\/CMUC.png\",\"width\":217,\"height\":89},{\"@type\":\"WebPage\",\"@id\":\"https:\/\/math-in.net\/9imw\/problema-2\/#webpage\",\"url\":\"https:\/\/math-in.net\/9imw\/problema-2\/\",\"name\":\"Problema 2 - IX IBERIAN MODELLING WEEK\",\"isPartOf\":{\"@id\":\"https:\/\/math-in.net\/9imw\/#website\"},\"primaryImageOfPage\":{\"@id\":\"https:\/\/math-in.net\/9imw\/problema-2\/#primaryimage\"},\"datePublished\":\"2023-05-25T09:24:31+00:00\",\"dateModified\":\"2023-06-06T11:53:47+00:00\",\"breadcrumb\":{\"@id\":\"https:\/\/math-in.net\/9imw\/problema-2\/#breadcrumb\"},\"inLanguage\":\"es\",\"potentialAction\":[{\"@type\":\"ReadAction\",\"target\":[\"https:\/\/math-in.net\/9imw\/problema-2\/\"]}]},{\"@type\":\"BreadcrumbList\",\"@id\":\"https:\/\/math-in.net\/9imw\/problema-2\/#breadcrumb\",\"itemListElement\":[{\"@type\":\"ListItem\",\"position\":1,\"name\":\"Portada\",\"item\":\"https:\/\/math-in.net\/9imw\/\"},{\"@type\":\"ListItem\",\"position\":2,\"name\":\"Problema 2\"}]}]}<\/script>\n<!-- \/ Yoast SEO plugin. -->","yoast_head_json":{"title":"Problema 2 - IX IBERIAN MODELLING WEEK","robots":{"index":"index","follow":"follow","max-snippet":"max-snippet:-1","max-image-preview":"max-image-preview:large","max-video-preview":"max-video-preview:-1"},"canonical":"https:\/\/math-in.net\/9imw\/problema-2\/","og_locale":"es_ES","og_type":"article","og_title":"Problema 2 - IX IBERIAN MODELLING WEEK","og_description":"Problema 2 T\u00edtulo | Pruebas grupales de grandes poblaciones. Breve [&hellip;]","og_url":"https:\/\/math-in.net\/9imw\/problema-2\/","og_site_name":"IX IBERIAN MODELLING WEEK","article_modified_time":"2023-06-06T11:53:47+00:00","og_image":[{"url":"http:\/\/math-in.net\/9imw\/wp-content\/uploads\/sites\/17\/2023\/05\/CMUC.png"}],"twitter_card":"summary_large_image","twitter_misc":{"Tiempo de lectura":"1 minuto"},"schema":{"@context":"https:\/\/schema.org","@graph":[{"@type":"WebSite","@id":"https:\/\/math-in.net\/9imw\/#website","url":"https:\/\/math-in.net\/9imw\/","name":"IX IBERIAN MODELLING WEEK","description":"Otro sitio m\u00e1s de math-in sitios","potentialAction":[{"@type":"SearchAction","target":{"@type":"EntryPoint","urlTemplate":"https:\/\/math-in.net\/9imw\/?s={search_term_string}"},"query-input":"required name=search_term_string"}],"inLanguage":"es"},{"@type":"ImageObject","inLanguage":"es","@id":"https:\/\/math-in.net\/9imw\/problema-2\/#primaryimage","url":"https:\/\/math-in.net\/9imw\/wp-content\/uploads\/sites\/17\/2023\/05\/CMUC.png","contentUrl":"https:\/\/math-in.net\/9imw\/wp-content\/uploads\/sites\/17\/2023\/05\/CMUC.png","width":217,"height":89},{"@type":"WebPage","@id":"https:\/\/math-in.net\/9imw\/problema-2\/#webpage","url":"https:\/\/math-in.net\/9imw\/problema-2\/","name":"Problema 2 - IX IBERIAN MODELLING WEEK","isPartOf":{"@id":"https:\/\/math-in.net\/9imw\/#website"},"primaryImageOfPage":{"@id":"https:\/\/math-in.net\/9imw\/problema-2\/#primaryimage"},"datePublished":"2023-05-25T09:24:31+00:00","dateModified":"2023-06-06T11:53:47+00:00","breadcrumb":{"@id":"https:\/\/math-in.net\/9imw\/problema-2\/#breadcrumb"},"inLanguage":"es","potentialAction":[{"@type":"ReadAction","target":["https:\/\/math-in.net\/9imw\/problema-2\/"]}]},{"@type":"BreadcrumbList","@id":"https:\/\/math-in.net\/9imw\/problema-2\/#breadcrumb","itemListElement":[{"@type":"ListItem","position":1,"name":"Portada","item":"https:\/\/math-in.net\/9imw\/"},{"@type":"ListItem","position":2,"name":"Problema 2"}]}]}},"_links":{"self":[{"href":"https:\/\/math-in.net\/9imw\/wp-json\/wp\/v2\/pages\/147"}],"collection":[{"href":"https:\/\/math-in.net\/9imw\/wp-json\/wp\/v2\/pages"}],"about":[{"href":"https:\/\/math-in.net\/9imw\/wp-json\/wp\/v2\/types\/page"}],"author":[{"embeddable":true,"href":"https:\/\/math-in.net\/9imw\/wp-json\/wp\/v2\/users\/5"}],"replies":[{"embeddable":true,"href":"https:\/\/math-in.net\/9imw\/wp-json\/wp\/v2\/comments?post=147"}],"version-history":[{"count":5,"href":"https:\/\/math-in.net\/9imw\/wp-json\/wp\/v2\/pages\/147\/revisions"}],"predecessor-version":[{"id":304,"href":"https:\/\/math-in.net\/9imw\/wp-json\/wp\/v2\/pages\/147\/revisions\/304"}],"wp:attachment":[{"href":"https:\/\/math-in.net\/9imw\/wp-json\/wp\/v2\/media?parent=147"}],"curies":[{"name":"wp","href":"https:\/\/api.w.org\/{rel}","templated":true}]}}