{"id":57,"date":"2022-06-16T14:38:52","date_gmt":"2022-06-16T14:38:52","guid":{"rendered":"http:\/\/vps29.math-in.net\/163esgi\/?page_id=57"},"modified":"2024-10-28T07:38:14","modified_gmt":"2024-10-28T07:38:14","slug":"participantes-academicos","status":"publish","type":"page","link":"https:\/\/math-in.net\/184esgi\/inscripcion\/participantes-academicos\/","title":{"rendered":"Participantes"},"content":{"rendered":"<div class=\"fusion-fullwidth fullwidth-box fusion-builder-row-1 fusion-flex-container nonhundred-percent-fullwidth non-hundred-percent-height-scrolling\" style=\"background-color: rgba(255,255,255,0);background-position: center center;background-repeat: no-repeat;border-width: 0px 0px 0px 0px;border-color:var(--awb-color3);border-style:solid;\" ><div class=\"fusion-builder-row fusion-row fusion-flex-align-items-flex-start\" style=\"max-width:1248px;margin-left: calc(-4% \/ 2 );margin-right: calc(-4% \/ 2 );\"><div class=\"fusion-layout-column fusion_builder_column fusion-builder-column-0 fusion_builder_column_1_1 1_1 fusion-flex-column\"><div class=\"fusion-column-wrapper fusion-flex-justify-content-flex-start fusion-content-layout-column\" style=\"background-position:left top;background-repeat:no-repeat;-webkit-background-size:cover;-moz-background-size:cover;-o-background-size:cover;background-size:cover;padding: 0px 0px 0px 0px;\"><div class=\"fusion-text fusion-text-1\"><h4 class=\"title\">Formulario de inscripci\u00f3n<\/h4>\n<div id=\"content-area\">\n<div id=\"node-51\" class=\"node node-type-webform node-promoted clearfix\">\n<div class=\"content\">\n<p>La inscripci\u00f3n es\u00a0<strong>gratuita<\/strong>. La inscripci\u00f3n en el 184 ESGI da derecho a la recepci\u00f3n de la documentaci\u00f3n entregada en cada grupo de trabajo. Los participantes en cada uno de los grupos de trabajo tendr\u00e1n que firmar un acuerdo de confidencialidad.<br \/>\nSe entregar\u00e1 un\u00a0<strong>certificado de asistencia.<\/strong><\/p>\n<p><strong>Certificado de asistencia para alumnos de doctorado:<\/strong><\/p>\n<ul>\n<li class=\"rtejustify\"><strong>184 ESGI B\u00e1sico:<\/strong><\/li>\n<\/ul>\n<p>El 184 ESGI est\u00e1 co-organizado por la Universidad de Santiago de Compostela (USC). Aquellos estudiantes de doctorado que asistan al 184 ESGI recibir\u00e1n un certificado de asistencia oficial emitido por el Centro Internacional para Estudios de Doctorado y Avanzados de la USC.<\/p>\n<p>Para registrarse, por favor complete y env\u00ede el siguiente <a href=\"https:\/\/forms.office.com\/pages\/responsepage.aspx?id=_HKgooyIIU2zne9Om62FU1_GB4I-GplNntbugHfk3CRUNFZXMzBENzhNU0tDOFhWTlFSQlJDRFZYMS4u&amp;route=shorturl\"><strong>FORMULARIO<\/strong><\/a><br \/>\n<strong>Fecha l\u00edmite |\u00a0<\/strong>Hasta el <strong>15 de noviembre de 2024.<\/strong><\/p>\n<\/div>\n<\/div>\n<\/div>\n<\/div><\/div><style type=\"text\/css\">.fusion-body .fusion-builder-column-0{width:100% !important;margin-top : 0px;margin-bottom : 20px;}.fusion-builder-column-0 > .fusion-column-wrapper {padding-top : 0px !important;padding-right : 0px !important;margin-right : 1.92%;padding-bottom : 0px !important;padding-left : 0px !important;margin-left : 1.92%;}@media only screen and (max-width:1024px) {.fusion-body .fusion-builder-column-0{width:100% !important;order : 0;}.fusion-builder-column-0 > .fusion-column-wrapper {margin-right : 1.92%;margin-left : 1.92%;}}@media only screen and (max-width:640px) {.fusion-body .fusion-builder-column-0{width:100% !important;order : 0;}.fusion-builder-column-0 > .fusion-column-wrapper {margin-right : 1.92%;margin-left : 1.92%;}}<\/style><\/div><\/div><style type=\"text\/css\">.fusion-body .fusion-flex-container.fusion-builder-row-1{ padding-top : 0px;margin-top : 0px;padding-right : 0px;padding-bottom : 0px;margin-bottom : 0px;padding-left : 0px;}<\/style><\/div>\n","protected":false},"excerpt":{"rendered":"","protected":false},"author":1,"featured_media":0,"parent":53,"menu_order":0,"comment_status":"closed","ping_status":"closed","template":"","meta":[],"yoast_head":"<!-- This site is optimized with the Yoast SEO plugin v19.0 - https:\/\/yoast.com\/wordpress\/plugins\/seo\/ -->\n<title>Participantes - 184esgi<\/title>\n<meta name=\"robots\" content=\"index, follow, max-snippet:-1, max-image-preview:large, max-video-preview:-1\" \/>\n<link rel=\"canonical\" href=\"https:\/\/math-in.net\/184esgi\/inscripcion\/participantes-academicos\/\" \/>\n<meta property=\"og:locale\" content=\"es_ES\" \/>\n<meta property=\"og:type\" content=\"article\" \/>\n<meta property=\"og:title\" content=\"Participantes - 184esgi\" \/>\n<meta property=\"og:url\" content=\"https:\/\/math-in.net\/184esgi\/inscripcion\/participantes-academicos\/\" \/>\n<meta property=\"og:site_name\" content=\"184esgi\" \/>\n<meta property=\"article:modified_time\" content=\"2024-10-28T07:38:14+00:00\" \/>\n<meta name=\"twitter:card\" content=\"summary_large_image\" \/>\n<meta name=\"twitter:label1\" content=\"Tiempo de lectura\" \/>\n\t<meta name=\"twitter:data1\" content=\"4 minutos\" \/>\n<script type=\"application\/ld+json\" class=\"yoast-schema-graph\">{\"@context\":\"https:\/\/schema.org\",\"@graph\":[{\"@type\":\"WebSite\",\"@id\":\"https:\/\/math-in.net\/184esgi\/#website\",\"url\":\"https:\/\/math-in.net\/184esgi\/\",\"name\":\"184esgi\",\"description\":\"Otro sitio m\u00e1s de math-in sitios\",\"potentialAction\":[{\"@type\":\"SearchAction\",\"target\":{\"@type\":\"EntryPoint\",\"urlTemplate\":\"https:\/\/math-in.net\/184esgi\/?s={search_term_string}\"},\"query-input\":\"required name=search_term_string\"}],\"inLanguage\":\"es\"},{\"@type\":\"WebPage\",\"@id\":\"https:\/\/math-in.net\/184esgi\/inscripcion\/participantes-academicos\/#webpage\",\"url\":\"https:\/\/math-in.net\/184esgi\/inscripcion\/participantes-academicos\/\",\"name\":\"Participantes - 184esgi\",\"isPartOf\":{\"@id\":\"https:\/\/math-in.net\/184esgi\/#website\"},\"datePublished\":\"2022-06-16T14:38:52+00:00\",\"dateModified\":\"2024-10-28T07:38:14+00:00\",\"breadcrumb\":{\"@id\":\"https:\/\/math-in.net\/184esgi\/inscripcion\/participantes-academicos\/#breadcrumb\"},\"inLanguage\":\"es\",\"potentialAction\":[{\"@type\":\"ReadAction\",\"target\":[\"https:\/\/math-in.net\/184esgi\/inscripcion\/participantes-academicos\/\"]}]},{\"@type\":\"BreadcrumbList\",\"@id\":\"https:\/\/math-in.net\/184esgi\/inscripcion\/participantes-academicos\/#breadcrumb\",\"itemListElement\":[{\"@type\":\"ListItem\",\"position\":1,\"name\":\"Portada\",\"item\":\"https:\/\/math-in.net\/184esgi\/\"},{\"@type\":\"ListItem\",\"position\":2,\"name\":\"Inscripci\u00f3n\",\"item\":\"https:\/\/math-in.net\/184esgi\/inscripcion\/\"},{\"@type\":\"ListItem\",\"position\":3,\"name\":\"Participantes\"}]}]}<\/script>\n<!-- \/ Yoast SEO plugin. -->","yoast_head_json":{"title":"Participantes - 184esgi","robots":{"index":"index","follow":"follow","max-snippet":"max-snippet:-1","max-image-preview":"max-image-preview:large","max-video-preview":"max-video-preview:-1"},"canonical":"https:\/\/math-in.net\/184esgi\/inscripcion\/participantes-academicos\/","og_locale":"es_ES","og_type":"article","og_title":"Participantes - 184esgi","og_url":"https:\/\/math-in.net\/184esgi\/inscripcion\/participantes-academicos\/","og_site_name":"184esgi","article_modified_time":"2024-10-28T07:38:14+00:00","twitter_card":"summary_large_image","twitter_misc":{"Tiempo de lectura":"4 minutos"},"schema":{"@context":"https:\/\/schema.org","@graph":[{"@type":"WebSite","@id":"https:\/\/math-in.net\/184esgi\/#website","url":"https:\/\/math-in.net\/184esgi\/","name":"184esgi","description":"Otro sitio m\u00e1s de math-in sitios","potentialAction":[{"@type":"SearchAction","target":{"@type":"EntryPoint","urlTemplate":"https:\/\/math-in.net\/184esgi\/?s={search_term_string}"},"query-input":"required name=search_term_string"}],"inLanguage":"es"},{"@type":"WebPage","@id":"https:\/\/math-in.net\/184esgi\/inscripcion\/participantes-academicos\/#webpage","url":"https:\/\/math-in.net\/184esgi\/inscripcion\/participantes-academicos\/","name":"Participantes - 184esgi","isPartOf":{"@id":"https:\/\/math-in.net\/184esgi\/#website"},"datePublished":"2022-06-16T14:38:52+00:00","dateModified":"2024-10-28T07:38:14+00:00","breadcrumb":{"@id":"https:\/\/math-in.net\/184esgi\/inscripcion\/participantes-academicos\/#breadcrumb"},"inLanguage":"es","potentialAction":[{"@type":"ReadAction","target":["https:\/\/math-in.net\/184esgi\/inscripcion\/participantes-academicos\/"]}]},{"@type":"BreadcrumbList","@id":"https:\/\/math-in.net\/184esgi\/inscripcion\/participantes-academicos\/#breadcrumb","itemListElement":[{"@type":"ListItem","position":1,"name":"Portada","item":"https:\/\/math-in.net\/184esgi\/"},{"@type":"ListItem","position":2,"name":"Inscripci\u00f3n","item":"https:\/\/math-in.net\/184esgi\/inscripcion\/"},{"@type":"ListItem","position":3,"name":"Participantes"}]}]}},"_links":{"self":[{"href":"https:\/\/math-in.net\/184esgi\/wp-json\/wp\/v2\/pages\/57"}],"collection":[{"href":"https:\/\/math-in.net\/184esgi\/wp-json\/wp\/v2\/pages"}],"about":[{"href":"https:\/\/math-in.net\/184esgi\/wp-json\/wp\/v2\/types\/page"}],"author":[{"embeddable":true,"href":"https:\/\/math-in.net\/184esgi\/wp-json\/wp\/v2\/users\/1"}],"replies":[{"embeddable":true,"href":"https:\/\/math-in.net\/184esgi\/wp-json\/wp\/v2\/comments?post=57"}],"version-history":[{"count":5,"href":"https:\/\/math-in.net\/184esgi\/wp-json\/wp\/v2\/pages\/57\/revisions"}],"predecessor-version":[{"id":364,"href":"https:\/\/math-in.net\/184esgi\/wp-json\/wp\/v2\/pages\/57\/revisions\/364"}],"up":[{"embeddable":true,"href":"https:\/\/math-in.net\/184esgi\/wp-json\/wp\/v2\/pages\/53"}],"wp:attachment":[{"href":"https:\/\/math-in.net\/184esgi\/wp-json\/wp\/v2\/media?parent=57"}],"curies":[{"name":"wp","href":"https:\/\/api.w.org\/{rel}","templated":true}]}}