{"id":55,"date":"2022-06-16T14:37:31","date_gmt":"2022-06-16T14:37:31","guid":{"rendered":"http:\/\/vps29.math-in.net\/163esgi\/?page_id=55"},"modified":"2024-11-06T07:41:59","modified_gmt":"2024-11-06T07:41:59","slug":"empresas","status":"publish","type":"page","link":"https:\/\/math-in.net\/184esgi\/inscripcion\/empresas\/","title":{"rendered":"Coordinadores"},"content":{"rendered":"<div class=\"fusion-fullwidth fullwidth-box fusion-builder-row-1 fusion-flex-container nonhundred-percent-fullwidth non-hundred-percent-height-scrolling\" style=\"background-color: rgba(255,255,255,0);background-position: center center;background-repeat: no-repeat;border-width: 0px 0px 0px 0px;border-color:var(--awb-color3);border-style:solid;\" ><div class=\"fusion-builder-row fusion-row fusion-flex-align-items-flex-start\" style=\"max-width:1248px;margin-left: calc(-4% \/ 2 );margin-right: calc(-4% \/ 2 );\"><div class=\"fusion-layout-column fusion_builder_column fusion-builder-column-0 fusion_builder_column_1_1 1_1 fusion-flex-column\"><div class=\"fusion-column-wrapper fusion-flex-justify-content-flex-start fusion-content-layout-column\" style=\"background-position:left top;background-repeat:no-repeat;-webkit-background-size:cover;-moz-background-size:cover;-o-background-size:cover;background-size:cover;padding: 0px 0px 0px 0px;\"><div class=\"fusion-text fusion-text-1\"><h4 class=\"title\">Convocatoria para coordinadoras\/es<\/h4>\n<div id=\"content-area\">\n<div id=\"node-13\" class=\"node node-type-page clearfix\">\n<p class=\"elementToProof\">Convocatoria abierta del <strong>28\/10<\/strong> hasta el <strong>10<\/strong><b>\/11<\/b><\/p>\n<p>Si deseas involucrarte como coordinador\/a de alguno de los problemas propuestos, el plazo para recibir candidaturas estar\u00e1 abierto hasta el 10\/11. El Comit\u00e9 Cient\u00edfico seleccionar\u00e1 entre las propuestas recibidas a las personas coordinadoras de cada problema.<\/p>\n<p>Inscr\u00edbete a trav\u00e9s de este <strong><a href=\"https:\/\/forms.office.com\/pages\/responsepage.aspx?id=_HKgooyIIU2zne9Om62FU1_GB4I-GplNntbugHfk3CRUQjFUOVBWSExNN0tTVFo5MTlaOFlRN0M5SS4u&amp;route=shorturl\">FORMULARIO<\/a><\/strong><\/p>\n<\/div>\n<\/div>\n<\/div><\/div><style type=\"text\/css\">.fusion-body .fusion-builder-column-0{width:100% !important;margin-top : 0px;margin-bottom : 20px;}.fusion-builder-column-0 > .fusion-column-wrapper {padding-top : 0px !important;padding-right : 0px !important;margin-right : 1.92%;padding-bottom : 0px !important;padding-left : 0px !important;margin-left : 1.92%;}@media only screen and (max-width:1024px) {.fusion-body .fusion-builder-column-0{width:100% !important;order : 0;}.fusion-builder-column-0 > .fusion-column-wrapper {margin-right : 1.92%;margin-left : 1.92%;}}@media only screen and (max-width:640px) {.fusion-body .fusion-builder-column-0{width:100% !important;order : 0;}.fusion-builder-column-0 > .fusion-column-wrapper {margin-right : 1.92%;margin-left : 1.92%;}}<\/style><\/div><\/div><style type=\"text\/css\">.fusion-body .fusion-flex-container.fusion-builder-row-1{ padding-top : 0px;margin-top : 0px;padding-right : 0px;padding-bottom : 0px;margin-bottom : 0px;padding-left : 0px;}<\/style><\/div>\n","protected":false},"excerpt":{"rendered":"","protected":false},"author":1,"featured_media":0,"parent":53,"menu_order":0,"comment_status":"closed","ping_status":"closed","template":"","meta":[],"yoast_head":"<!-- This site is optimized with the Yoast SEO plugin v19.0 - https:\/\/yoast.com\/wordpress\/plugins\/seo\/ -->\n<title>Coordinadores - 184esgi<\/title>\n<meta name=\"robots\" content=\"index, follow, max-snippet:-1, max-image-preview:large, max-video-preview:-1\" \/>\n<link rel=\"canonical\" href=\"https:\/\/math-in.net\/184esgi\/inscripcion\/empresas\/\" \/>\n<meta property=\"og:locale\" content=\"es_ES\" \/>\n<meta property=\"og:type\" content=\"article\" \/>\n<meta property=\"og:title\" content=\"Coordinadores - 184esgi\" \/>\n<meta property=\"og:url\" content=\"https:\/\/math-in.net\/184esgi\/inscripcion\/empresas\/\" \/>\n<meta property=\"og:site_name\" content=\"184esgi\" \/>\n<meta property=\"article:modified_time\" content=\"2024-11-06T07:41:59+00:00\" \/>\n<meta name=\"twitter:card\" content=\"summary_large_image\" \/>\n<meta name=\"twitter:label1\" content=\"Tiempo de lectura\" \/>\n\t<meta name=\"twitter:data1\" content=\"3 minutos\" \/>\n<script type=\"application\/ld+json\" class=\"yoast-schema-graph\">{\"@context\":\"https:\/\/schema.org\",\"@graph\":[{\"@type\":\"WebSite\",\"@id\":\"https:\/\/math-in.net\/184esgi\/#website\",\"url\":\"https:\/\/math-in.net\/184esgi\/\",\"name\":\"184esgi\",\"description\":\"Otro sitio m\u00e1s de math-in sitios\",\"potentialAction\":[{\"@type\":\"SearchAction\",\"target\":{\"@type\":\"EntryPoint\",\"urlTemplate\":\"https:\/\/math-in.net\/184esgi\/?s={search_term_string}\"},\"query-input\":\"required name=search_term_string\"}],\"inLanguage\":\"es\"},{\"@type\":\"WebPage\",\"@id\":\"https:\/\/math-in.net\/184esgi\/inscripcion\/empresas\/#webpage\",\"url\":\"https:\/\/math-in.net\/184esgi\/inscripcion\/empresas\/\",\"name\":\"Coordinadores - 184esgi\",\"isPartOf\":{\"@id\":\"https:\/\/math-in.net\/184esgi\/#website\"},\"datePublished\":\"2022-06-16T14:37:31+00:00\",\"dateModified\":\"2024-11-06T07:41:59+00:00\",\"breadcrumb\":{\"@id\":\"https:\/\/math-in.net\/184esgi\/inscripcion\/empresas\/#breadcrumb\"},\"inLanguage\":\"es\",\"potentialAction\":[{\"@type\":\"ReadAction\",\"target\":[\"https:\/\/math-in.net\/184esgi\/inscripcion\/empresas\/\"]}]},{\"@type\":\"BreadcrumbList\",\"@id\":\"https:\/\/math-in.net\/184esgi\/inscripcion\/empresas\/#breadcrumb\",\"itemListElement\":[{\"@type\":\"ListItem\",\"position\":1,\"name\":\"Portada\",\"item\":\"https:\/\/math-in.net\/184esgi\/\"},{\"@type\":\"ListItem\",\"position\":2,\"name\":\"Inscripci\u00f3n\",\"item\":\"https:\/\/math-in.net\/184esgi\/inscripcion\/\"},{\"@type\":\"ListItem\",\"position\":3,\"name\":\"Coordinadores\"}]}]}<\/script>\n<!-- \/ Yoast SEO plugin. -->","yoast_head_json":{"title":"Coordinadores - 184esgi","robots":{"index":"index","follow":"follow","max-snippet":"max-snippet:-1","max-image-preview":"max-image-preview:large","max-video-preview":"max-video-preview:-1"},"canonical":"https:\/\/math-in.net\/184esgi\/inscripcion\/empresas\/","og_locale":"es_ES","og_type":"article","og_title":"Coordinadores - 184esgi","og_url":"https:\/\/math-in.net\/184esgi\/inscripcion\/empresas\/","og_site_name":"184esgi","article_modified_time":"2024-11-06T07:41:59+00:00","twitter_card":"summary_large_image","twitter_misc":{"Tiempo de lectura":"3 minutos"},"schema":{"@context":"https:\/\/schema.org","@graph":[{"@type":"WebSite","@id":"https:\/\/math-in.net\/184esgi\/#website","url":"https:\/\/math-in.net\/184esgi\/","name":"184esgi","description":"Otro sitio m\u00e1s de math-in sitios","potentialAction":[{"@type":"SearchAction","target":{"@type":"EntryPoint","urlTemplate":"https:\/\/math-in.net\/184esgi\/?s={search_term_string}"},"query-input":"required name=search_term_string"}],"inLanguage":"es"},{"@type":"WebPage","@id":"https:\/\/math-in.net\/184esgi\/inscripcion\/empresas\/#webpage","url":"https:\/\/math-in.net\/184esgi\/inscripcion\/empresas\/","name":"Coordinadores - 184esgi","isPartOf":{"@id":"https:\/\/math-in.net\/184esgi\/#website"},"datePublished":"2022-06-16T14:37:31+00:00","dateModified":"2024-11-06T07:41:59+00:00","breadcrumb":{"@id":"https:\/\/math-in.net\/184esgi\/inscripcion\/empresas\/#breadcrumb"},"inLanguage":"es","potentialAction":[{"@type":"ReadAction","target":["https:\/\/math-in.net\/184esgi\/inscripcion\/empresas\/"]}]},{"@type":"BreadcrumbList","@id":"https:\/\/math-in.net\/184esgi\/inscripcion\/empresas\/#breadcrumb","itemListElement":[{"@type":"ListItem","position":1,"name":"Portada","item":"https:\/\/math-in.net\/184esgi\/"},{"@type":"ListItem","position":2,"name":"Inscripci\u00f3n","item":"https:\/\/math-in.net\/184esgi\/inscripcion\/"},{"@type":"ListItem","position":3,"name":"Coordinadores"}]}]}},"_links":{"self":[{"href":"https:\/\/math-in.net\/184esgi\/wp-json\/wp\/v2\/pages\/55"}],"collection":[{"href":"https:\/\/math-in.net\/184esgi\/wp-json\/wp\/v2\/pages"}],"about":[{"href":"https:\/\/math-in.net\/184esgi\/wp-json\/wp\/v2\/types\/page"}],"author":[{"embeddable":true,"href":"https:\/\/math-in.net\/184esgi\/wp-json\/wp\/v2\/users\/1"}],"replies":[{"embeddable":true,"href":"https:\/\/math-in.net\/184esgi\/wp-json\/wp\/v2\/comments?post=55"}],"version-history":[{"count":5,"href":"https:\/\/math-in.net\/184esgi\/wp-json\/wp\/v2\/pages\/55\/revisions"}],"predecessor-version":[{"id":478,"href":"https:\/\/math-in.net\/184esgi\/wp-json\/wp\/v2\/pages\/55\/revisions\/478"}],"up":[{"embeddable":true,"href":"https:\/\/math-in.net\/184esgi\/wp-json\/wp\/v2\/pages\/53"}],"wp:attachment":[{"href":"https:\/\/math-in.net\/184esgi\/wp-json\/wp\/v2\/media?parent=55"}],"curies":[{"name":"wp","href":"https:\/\/api.w.org\/{rel}","templated":true}]}}