{"id":42,"date":"2022-06-16T14:31:07","date_gmt":"2022-06-16T14:31:07","guid":{"rendered":"http:\/\/vps29.math-in.net\/163esgi\/?page_id=42"},"modified":"2024-11-06T10:21:30","modified_gmt":"2024-11-06T10:21:30","slug":"empresariales","status":"publish","type":"page","link":"https:\/\/math-in.net\/184esgi\/coordinadores\/empresariales\/","title":{"rendered":"Empresariales"},"content":{"rendered":"<div class=\"fusion-fullwidth fullwidth-box fusion-builder-row-1 fusion-flex-container nonhundred-percent-fullwidth non-hundred-percent-height-scrolling\" style=\"background-color: rgba(255,255,255,0);background-position: center center;background-repeat: no-repeat;border-width: 0px 0px 0px 0px;border-color:var(--awb-color3);border-style:solid;\" ><div class=\"fusion-builder-row fusion-row fusion-flex-align-items-flex-start\" style=\"max-width:1248px;margin-left: calc(-4% \/ 2 );margin-right: calc(-4% \/ 2 );\"><div class=\"fusion-layout-column fusion_builder_column fusion-builder-column-0 fusion_builder_column_1_1 1_1 fusion-flex-column\"><div class=\"fusion-column-wrapper fusion-flex-justify-content-flex-start fusion-content-layout-column\" style=\"background-position:left top;background-repeat:no-repeat;-webkit-background-size:cover;-moz-background-size:cover;-o-background-size:cover;background-size:cover;padding: 0px 0px 0px 0px;\"><div class=\"fusion-text fusion-text-1\"><h4 class=\"title\">Coordinadores Empresariales<\/h4>\n<div id=\"content-area\">\n<div id=\"node-8\" class=\"node node-type-page clearfix\">\n<div class=\"content\">\n<h3 class=\"rtecenter\"><\/h3>\n<h5>Fernando Alonso D\u00edaz, CEO de The Basement,<\/h5>\n<p>Licenciado en matem\u00e1ticas por la UAM con un postgrado en Blockchain y un master en Research and Marketing. Su vida laboral ha transcurrido siempre cerca de la creaci\u00f3n de plataformas basadas en AI en diversos puestos de direcci\u00f3n relacionados con Innovaci\u00f3n y Tecnolog\u00eda en multinacionales como Ipsos, Publicis y Omnicom. Tambi\u00e9n ha trabajado como profesor colaborador en la UFV. En The Basement se ha centrado en orientar la empresa hacia innovaci\u00f3n tecnol\u00f3gica y AI, con el desarrollo de soluciones de MaaS y Parksharing: Zerel.<\/p>\n<h5>Manuel Quero Garc\u00eda, CEO SUNNTICS.<\/h5>\n<div>Doctor en Matem\u00e1ticas Industriales por la Universidad de Cranfield en RU. Licenciado en Matem\u00e1ticas, especialidad Ecuaciones Diferenciales y An\u00e1lisis\u00a0Num\u00e9rico, por la Universidad de Sevilla.<\/div>\n<div>Cofundador de SUNNTICS\u00a0en 2017. Sus responsabilidades t\u00e9cnicas incluyen la modelizaci\u00f3n de componentes y desarrollo de m\u00e9todos de optimizaci\u00f3n basados en la Inteligencia Artificial para resoluci\u00f3n de problemas no-convexos .<\/div>\n<div>Trabaj\u00f3 anteriormente como responsable de proyectos de I+D en Abengoa. Su labor abarcaba desde ideas conceptuales de nuevas tecnolog\u00edas termosolares hasta el desarrollo precomercial de las mismas.<\/div>\n<div>Trabaj\u00f3 en el Barcelona Supercomputing Center como responsable de desarrollo de algoritmos complejos basados en la f\u00edsica para la resoluci\u00f3n de\u00a0problemas meteorol\u00f3gicos y\u00a0f\u00edsica\u00a0cu\u00e1ntica.<\/div>\n<\/div>\n<div id=\"content-area\">\n<h4><\/h4>\n<h4 class=\"title\">Especialistas<\/h4>\n<h5><strong>Pablo Angulo Ardoy, Responsable de Ciencia e Investigaci\u00f3n de The Basement.<\/strong><\/h5>\n<p>Licenciado en Matem\u00e1ticas por la Universidad Complutense de Madrid, MS in Mathematics en Rutgers University y Doctor en Matem\u00e1ticas por la Universidad Aut\u00f3noma de Madrid. Desarroll\u00f3 un postdoc en el ICMAT trabajando en problemas inversos, y fue profesor en la UPM desde 2016 a 2023, trabajando en problemas inversos, transferencia a la industria, y optimizaci\u00f3n de rutas. Desde 2023 trabaja en The Basement, donde trabaja en el modelo \u00abblindshooter\u00bb para estimaci\u00f3n de audiencias, en el proyecto DYNAMO de transporte multimodal con coche privado compartido, y en el proyecto ZERO, de movilidad inclusiva.<\/p>\n<\/div>\n<h5><strong>Roc\u00edo Mingorance, Responsable Algoritmos y Procesos de SUNNTICS<\/strong><\/h5>\n<p>Licenciada en Ingenier\u00eda Qu\u00edmica por la UGR, master en mantenimineto industrial y cursando doctorado \u00abGemelos digitales para plantas de procesos\u00bb. Su vida laboral esta orientada al mantenimiento y operaci\u00f3n de plantas industriales, habiendo trabajado en multinacionales como Abengoa y Cosentino. Tambi\u00e9n ha trabajado como responsable del mantenimiento legal de la central termosolar Andasol 3. En SUNNTICS se ha centrado en el desarrollo e implementaci\u00f3n de modelos de ML y AI para mejorar el dise\u00f1o y operabilidad de las plantas termosolares de torre, con el desarrollo de soluciones como SunnSaaS y SSPARC.<\/p>\n<\/div>\n<\/div>\n<\/div><\/div><style type=\"text\/css\">.fusion-body .fusion-builder-column-0{width:100% !important;margin-top : 0px;margin-bottom : 20px;}.fusion-builder-column-0 > .fusion-column-wrapper {padding-top : 0px !important;padding-right : 0px !important;margin-right : 1.92%;padding-bottom : 0px !important;padding-left : 0px !important;margin-left : 1.92%;}@media only screen and (max-width:1024px) {.fusion-body .fusion-builder-column-0{width:100% !important;order : 0;}.fusion-builder-column-0 > .fusion-column-wrapper {margin-right : 1.92%;margin-left : 1.92%;}}@media only screen and (max-width:640px) {.fusion-body .fusion-builder-column-0{width:100% !important;order : 0;}.fusion-builder-column-0 > .fusion-column-wrapper {margin-right : 1.92%;margin-left : 1.92%;}}<\/style><\/div><\/div><style type=\"text\/css\">.fusion-body .fusion-flex-container.fusion-builder-row-1{ padding-top : 0px;margin-top : 0px;padding-right : 0px;padding-bottom : 0px;margin-bottom : 0px;padding-left : 0px;}<\/style><\/div>\n","protected":false},"excerpt":{"rendered":"","protected":false},"author":1,"featured_media":0,"parent":38,"menu_order":0,"comment_status":"closed","ping_status":"closed","template":"","meta":[],"yoast_head":"<!-- This site is optimized with the Yoast SEO plugin v19.0 - https:\/\/yoast.com\/wordpress\/plugins\/seo\/ -->\n<title>Empresariales - 184esgi<\/title>\n<meta name=\"robots\" content=\"index, follow, max-snippet:-1, max-image-preview:large, max-video-preview:-1\" \/>\n<link rel=\"canonical\" href=\"https:\/\/math-in.net\/184esgi\/coordinadores\/empresariales\/\" \/>\n<meta property=\"og:locale\" content=\"es_ES\" \/>\n<meta property=\"og:type\" content=\"article\" \/>\n<meta property=\"og:title\" content=\"Empresariales - 184esgi\" \/>\n<meta property=\"og:url\" content=\"https:\/\/math-in.net\/184esgi\/coordinadores\/empresariales\/\" \/>\n<meta property=\"og:site_name\" content=\"184esgi\" \/>\n<meta property=\"article:modified_time\" content=\"2024-11-06T10:21:30+00:00\" \/>\n<meta name=\"twitter:card\" content=\"summary_large_image\" \/>\n<meta name=\"twitter:label1\" content=\"Tiempo de lectura\" \/>\n\t<meta name=\"twitter:data1\" content=\"5 minutos\" \/>\n<script type=\"application\/ld+json\" class=\"yoast-schema-graph\">{\"@context\":\"https:\/\/schema.org\",\"@graph\":[{\"@type\":\"WebSite\",\"@id\":\"https:\/\/math-in.net\/184esgi\/#website\",\"url\":\"https:\/\/math-in.net\/184esgi\/\",\"name\":\"184esgi\",\"description\":\"Otro sitio m\u00e1s de math-in sitios\",\"potentialAction\":[{\"@type\":\"SearchAction\",\"target\":{\"@type\":\"EntryPoint\",\"urlTemplate\":\"https:\/\/math-in.net\/184esgi\/?s={search_term_string}\"},\"query-input\":\"required name=search_term_string\"}],\"inLanguage\":\"es\"},{\"@type\":\"WebPage\",\"@id\":\"https:\/\/math-in.net\/184esgi\/coordinadores\/empresariales\/#webpage\",\"url\":\"https:\/\/math-in.net\/184esgi\/coordinadores\/empresariales\/\",\"name\":\"Empresariales - 184esgi\",\"isPartOf\":{\"@id\":\"https:\/\/math-in.net\/184esgi\/#website\"},\"datePublished\":\"2022-06-16T14:31:07+00:00\",\"dateModified\":\"2024-11-06T10:21:30+00:00\",\"breadcrumb\":{\"@id\":\"https:\/\/math-in.net\/184esgi\/coordinadores\/empresariales\/#breadcrumb\"},\"inLanguage\":\"es\",\"potentialAction\":[{\"@type\":\"ReadAction\",\"target\":[\"https:\/\/math-in.net\/184esgi\/coordinadores\/empresariales\/\"]}]},{\"@type\":\"BreadcrumbList\",\"@id\":\"https:\/\/math-in.net\/184esgi\/coordinadores\/empresariales\/#breadcrumb\",\"itemListElement\":[{\"@type\":\"ListItem\",\"position\":1,\"name\":\"Portada\",\"item\":\"https:\/\/math-in.net\/184esgi\/\"},{\"@type\":\"ListItem\",\"position\":2,\"name\":\"Coordinaci\u00f3n\",\"item\":\"https:\/\/math-in.net\/184esgi\/coordinadores\/\"},{\"@type\":\"ListItem\",\"position\":3,\"name\":\"Empresariales\"}]}]}<\/script>\n<!-- \/ Yoast SEO plugin. -->","yoast_head_json":{"title":"Empresariales - 184esgi","robots":{"index":"index","follow":"follow","max-snippet":"max-snippet:-1","max-image-preview":"max-image-preview:large","max-video-preview":"max-video-preview:-1"},"canonical":"https:\/\/math-in.net\/184esgi\/coordinadores\/empresariales\/","og_locale":"es_ES","og_type":"article","og_title":"Empresariales - 184esgi","og_url":"https:\/\/math-in.net\/184esgi\/coordinadores\/empresariales\/","og_site_name":"184esgi","article_modified_time":"2024-11-06T10:21:30+00:00","twitter_card":"summary_large_image","twitter_misc":{"Tiempo de lectura":"5 minutos"},"schema":{"@context":"https:\/\/schema.org","@graph":[{"@type":"WebSite","@id":"https:\/\/math-in.net\/184esgi\/#website","url":"https:\/\/math-in.net\/184esgi\/","name":"184esgi","description":"Otro sitio m\u00e1s de math-in sitios","potentialAction":[{"@type":"SearchAction","target":{"@type":"EntryPoint","urlTemplate":"https:\/\/math-in.net\/184esgi\/?s={search_term_string}"},"query-input":"required name=search_term_string"}],"inLanguage":"es"},{"@type":"WebPage","@id":"https:\/\/math-in.net\/184esgi\/coordinadores\/empresariales\/#webpage","url":"https:\/\/math-in.net\/184esgi\/coordinadores\/empresariales\/","name":"Empresariales - 184esgi","isPartOf":{"@id":"https:\/\/math-in.net\/184esgi\/#website"},"datePublished":"2022-06-16T14:31:07+00:00","dateModified":"2024-11-06T10:21:30+00:00","breadcrumb":{"@id":"https:\/\/math-in.net\/184esgi\/coordinadores\/empresariales\/#breadcrumb"},"inLanguage":"es","potentialAction":[{"@type":"ReadAction","target":["https:\/\/math-in.net\/184esgi\/coordinadores\/empresariales\/"]}]},{"@type":"BreadcrumbList","@id":"https:\/\/math-in.net\/184esgi\/coordinadores\/empresariales\/#breadcrumb","itemListElement":[{"@type":"ListItem","position":1,"name":"Portada","item":"https:\/\/math-in.net\/184esgi\/"},{"@type":"ListItem","position":2,"name":"Coordinaci\u00f3n","item":"https:\/\/math-in.net\/184esgi\/coordinadores\/"},{"@type":"ListItem","position":3,"name":"Empresariales"}]}]}},"_links":{"self":[{"href":"https:\/\/math-in.net\/184esgi\/wp-json\/wp\/v2\/pages\/42"}],"collection":[{"href":"https:\/\/math-in.net\/184esgi\/wp-json\/wp\/v2\/pages"}],"about":[{"href":"https:\/\/math-in.net\/184esgi\/wp-json\/wp\/v2\/types\/page"}],"author":[{"embeddable":true,"href":"https:\/\/math-in.net\/184esgi\/wp-json\/wp\/v2\/users\/1"}],"replies":[{"embeddable":true,"href":"https:\/\/math-in.net\/184esgi\/wp-json\/wp\/v2\/comments?post=42"}],"version-history":[{"count":6,"href":"https:\/\/math-in.net\/184esgi\/wp-json\/wp\/v2\/pages\/42\/revisions"}],"predecessor-version":[{"id":488,"href":"https:\/\/math-in.net\/184esgi\/wp-json\/wp\/v2\/pages\/42\/revisions\/488"}],"up":[{"embeddable":true,"href":"https:\/\/math-in.net\/184esgi\/wp-json\/wp\/v2\/pages\/38"}],"wp:attachment":[{"href":"https:\/\/math-in.net\/184esgi\/wp-json\/wp\/v2\/media?parent=42"}],"curies":[{"name":"wp","href":"https:\/\/api.w.org\/{rel}","templated":true}]}}