{"id":375,"date":"2024-10-28T10:39:22","date_gmt":"2024-10-28T10:39:22","guid":{"rendered":"http:\/\/math-in.net\/184esgi\/?page_id=375"},"modified":"2024-11-01T10:50:28","modified_gmt":"2024-11-01T10:50:28","slug":"problema-3-el-calculo-del-flujo-solar-sobre-un-receptor-en-plantas-termosolares-de-torre-sunntics","status":"publish","type":"page","link":"https:\/\/math-in.net\/184esgi\/programa\/problema-3-el-calculo-del-flujo-solar-sobre-un-receptor-en-plantas-termosolares-de-torre-sunntics\/","title":{"rendered":"Problema 3: El c\u00e1lculo del flujo solar sobre un receptor en plantas termosolares de torre (Sunntics)"},"content":{"rendered":"<div class=\"fusion-fullwidth fullwidth-box fusion-builder-row-1 fusion-flex-container nonhundred-percent-fullwidth non-hundred-percent-height-scrolling\" style=\"background-color: rgba(255,255,255,0);background-position: center center;background-repeat: no-repeat;border-width: 0px 0px 0px 0px;border-color:var(--awb-color3);border-style:solid;\" ><div class=\"fusion-builder-row fusion-row fusion-flex-align-items-flex-start\" style=\"max-width:1248px;margin-left: calc(-4% \/ 2 );margin-right: calc(-4% \/ 2 );\"><div class=\"fusion-layout-column fusion_builder_column fusion-builder-column-0 fusion_builder_column_1_1 1_1 fusion-flex-column\"><div class=\"fusion-column-wrapper fusion-flex-justify-content-flex-start fusion-content-layout-column\" style=\"background-position:left top;background-repeat:no-repeat;-webkit-background-size:cover;-moz-background-size:cover;-o-background-size:cover;background-size:cover;padding: 0px 0px 0px 0px;\"><div class=\"fusion-text fusion-text-1\"><h4><strong>Problema 3. El c\u00e1lculo del flujo solar sobre un receptor en plantas termosolares de torre<\/strong><\/h4>\n<\/div><div style=\"text-align:center;\"><span class=\" fusion-imageframe imageframe-none imageframe-1 hover-type-none\"><img width=\"300\" height=\"90\" title=\"Sunntics\" src=\"http:\/\/math-in.net\/184esgi\/wp-content\/uploads\/sites\/12\/2024\/11\/Sunntics-300x90.png\" alt class=\"img-responsive wp-image-410\" srcset=\"https:\/\/math-in.net\/184esgi\/wp-content\/uploads\/sites\/12\/2024\/11\/Sunntics-200x60.png 200w, https:\/\/math-in.net\/184esgi\/wp-content\/uploads\/sites\/12\/2024\/11\/Sunntics-400x119.png 400w, https:\/\/math-in.net\/184esgi\/wp-content\/uploads\/sites\/12\/2024\/11\/Sunntics.png 462w\" sizes=\"(max-width: 640px) 100vw, 300px\" \/><\/span><\/div><div class=\"fusion-text fusion-text-2\"><p><strong>Coordinador Empresarial |\u00a0<\/strong>Manuel Quero Garc\u00eda, CEO SUNNTICS.<\/p>\n<p><strong>Especialista |<\/strong>\u00a0Roc\u00edo Mingorance Mingorance, Responsable Algoritmos y Procesos de SUNNTICS.<\/p>\n<p><strong>Alcance | <\/strong>El c\u00e1lculo del flujo solar sobre un receptor en plantas termosolares de torre ha sido tradicionalmente modelado utilizando la distribuci\u00f3n gaussiana el\u00edptica, debido a su capacidad para representar el comportamiento general de la concentraci\u00f3n solar. Sin embargo, esta aproximaci\u00f3n puede no ser la m\u00e1s precisa en todos los casos, especialmente para los heliostatos m\u00e1s cercanos al receptor, donde factores como la geometr\u00eda de la reflexi\u00f3n y las posibles deformaciones de la superficie del heliostato juegan un papel significativo. En estos casos, otros m\u00e9todos que consideren estas variables de forma m\u00e1s detallada podr\u00edan proporcionar mejores resultados. Adem\u00e1s, en el c\u00e1lculo del flujo solar debe tenerse en cuenta los diferentes \u00e1ngulos entre el sol, el heliostato y el punto de enfoque, lo que a\u00f1ade complejidad al modelo. Existen m\u00e9todos de bajo costo computacional, como aproximaciones basadas en t\u00e9cnicas num\u00e9ricas o modelos h\u00edbridos, que pueden proporcionar una mayor precisi\u00f3n en el c\u00e1lculo del flujo solar, considerando tanto las deformaciones en los espejos como los cambios en el \u00e1ngulo de incidencia solar. Por ello es necesario evaluar la viabilidad de estos enfoques manteniendo un equilibrio entre precisi\u00f3n y capacidad computacional.<\/p>\n<\/div><\/div><style type=\"text\/css\">.fusion-body .fusion-builder-column-0{width:100% !important;margin-top : 0px;margin-bottom : 20px;}.fusion-builder-column-0 > .fusion-column-wrapper {padding-top : 0px !important;padding-right : 0px !important;margin-right : 1.92%;padding-bottom : 0px !important;padding-left : 0px !important;margin-left : 1.92%;}@media only screen and (max-width:1024px) {.fusion-body .fusion-builder-column-0{width:100% !important;order : 0;}.fusion-builder-column-0 > .fusion-column-wrapper {margin-right : 1.92%;margin-left : 1.92%;}}@media only screen and (max-width:640px) {.fusion-body .fusion-builder-column-0{width:100% !important;order : 0;}.fusion-builder-column-0 > .fusion-column-wrapper {margin-right : 1.92%;margin-left : 1.92%;}}<\/style><\/div><\/div><style type=\"text\/css\">.fusion-body .fusion-flex-container.fusion-builder-row-1{ padding-top : 0px;margin-top : 0px;padding-right : 0px;padding-bottom : 0px;margin-bottom : 0px;padding-left : 0px;}<\/style><\/div>\n","protected":false},"excerpt":{"rendered":"","protected":false},"author":5,"featured_media":0,"parent":44,"menu_order":0,"comment_status":"closed","ping_status":"closed","template":"","meta":[],"yoast_head":"<!-- This site is optimized with the Yoast SEO plugin v19.0 - https:\/\/yoast.com\/wordpress\/plugins\/seo\/ -->\n<title>Problema 3: El c\u00e1lculo del flujo solar sobre un receptor en plantas termosolares de torre (Sunntics) - 184esgi<\/title>\n<meta name=\"robots\" content=\"index, follow, max-snippet:-1, max-image-preview:large, max-video-preview:-1\" \/>\n<link rel=\"canonical\" href=\"https:\/\/math-in.net\/184esgi\/programa\/problema-3-el-calculo-del-flujo-solar-sobre-un-receptor-en-plantas-termosolares-de-torre-sunntics\/\" \/>\n<meta property=\"og:locale\" content=\"es_ES\" \/>\n<meta property=\"og:type\" content=\"article\" \/>\n<meta property=\"og:title\" content=\"Problema 3: El c\u00e1lculo del flujo solar sobre un receptor en plantas termosolares de torre (Sunntics) - 184esgi\" \/>\n<meta property=\"og:url\" content=\"https:\/\/math-in.net\/184esgi\/programa\/problema-3-el-calculo-del-flujo-solar-sobre-un-receptor-en-plantas-termosolares-de-torre-sunntics\/\" \/>\n<meta property=\"og:site_name\" content=\"184esgi\" \/>\n<meta property=\"article:modified_time\" content=\"2024-11-01T10:50:28+00:00\" \/>\n<meta name=\"twitter:card\" content=\"summary_large_image\" \/>\n<meta name=\"twitter:label1\" content=\"Tiempo de lectura\" \/>\n\t<meta name=\"twitter:data1\" content=\"6 minutos\" \/>\n<script type=\"application\/ld+json\" class=\"yoast-schema-graph\">{\"@context\":\"https:\/\/schema.org\",\"@graph\":[{\"@type\":\"WebSite\",\"@id\":\"https:\/\/math-in.net\/184esgi\/#website\",\"url\":\"https:\/\/math-in.net\/184esgi\/\",\"name\":\"184esgi\",\"description\":\"Otro sitio m\u00e1s de math-in sitios\",\"potentialAction\":[{\"@type\":\"SearchAction\",\"target\":{\"@type\":\"EntryPoint\",\"urlTemplate\":\"https:\/\/math-in.net\/184esgi\/?s={search_term_string}\"},\"query-input\":\"required name=search_term_string\"}],\"inLanguage\":\"es\"},{\"@type\":\"WebPage\",\"@id\":\"https:\/\/math-in.net\/184esgi\/programa\/problema-3-el-calculo-del-flujo-solar-sobre-un-receptor-en-plantas-termosolares-de-torre-sunntics\/#webpage\",\"url\":\"https:\/\/math-in.net\/184esgi\/programa\/problema-3-el-calculo-del-flujo-solar-sobre-un-receptor-en-plantas-termosolares-de-torre-sunntics\/\",\"name\":\"Problema 3: El c\u00e1lculo del flujo solar sobre un receptor en plantas termosolares de torre (Sunntics) - 184esgi\",\"isPartOf\":{\"@id\":\"https:\/\/math-in.net\/184esgi\/#website\"},\"datePublished\":\"2024-10-28T10:39:22+00:00\",\"dateModified\":\"2024-11-01T10:50:28+00:00\",\"breadcrumb\":{\"@id\":\"https:\/\/math-in.net\/184esgi\/programa\/problema-3-el-calculo-del-flujo-solar-sobre-un-receptor-en-plantas-termosolares-de-torre-sunntics\/#breadcrumb\"},\"inLanguage\":\"es\",\"potentialAction\":[{\"@type\":\"ReadAction\",\"target\":[\"https:\/\/math-in.net\/184esgi\/programa\/problema-3-el-calculo-del-flujo-solar-sobre-un-receptor-en-plantas-termosolares-de-torre-sunntics\/\"]}]},{\"@type\":\"BreadcrumbList\",\"@id\":\"https:\/\/math-in.net\/184esgi\/programa\/problema-3-el-calculo-del-flujo-solar-sobre-un-receptor-en-plantas-termosolares-de-torre-sunntics\/#breadcrumb\",\"itemListElement\":[{\"@type\":\"ListItem\",\"position\":1,\"name\":\"Portada\",\"item\":\"https:\/\/math-in.net\/184esgi\/\"},{\"@type\":\"ListItem\",\"position\":2,\"name\":\"Programa\",\"item\":\"https:\/\/math-in.net\/184esgi\/programa\/\"},{\"@type\":\"ListItem\",\"position\":3,\"name\":\"Problema 3: El c\u00e1lculo del flujo solar sobre un receptor en plantas termosolares de torre (Sunntics)\"}]}]}<\/script>\n<!-- \/ Yoast SEO plugin. -->","yoast_head_json":{"title":"Problema 3: El c\u00e1lculo del flujo solar sobre un receptor en plantas termosolares de torre (Sunntics) - 184esgi","robots":{"index":"index","follow":"follow","max-snippet":"max-snippet:-1","max-image-preview":"max-image-preview:large","max-video-preview":"max-video-preview:-1"},"canonical":"https:\/\/math-in.net\/184esgi\/programa\/problema-3-el-calculo-del-flujo-solar-sobre-un-receptor-en-plantas-termosolares-de-torre-sunntics\/","og_locale":"es_ES","og_type":"article","og_title":"Problema 3: El c\u00e1lculo del flujo solar sobre un receptor en plantas termosolares de torre (Sunntics) - 184esgi","og_url":"https:\/\/math-in.net\/184esgi\/programa\/problema-3-el-calculo-del-flujo-solar-sobre-un-receptor-en-plantas-termosolares-de-torre-sunntics\/","og_site_name":"184esgi","article_modified_time":"2024-11-01T10:50:28+00:00","twitter_card":"summary_large_image","twitter_misc":{"Tiempo de lectura":"6 minutos"},"schema":{"@context":"https:\/\/schema.org","@graph":[{"@type":"WebSite","@id":"https:\/\/math-in.net\/184esgi\/#website","url":"https:\/\/math-in.net\/184esgi\/","name":"184esgi","description":"Otro sitio m\u00e1s de math-in sitios","potentialAction":[{"@type":"SearchAction","target":{"@type":"EntryPoint","urlTemplate":"https:\/\/math-in.net\/184esgi\/?s={search_term_string}"},"query-input":"required name=search_term_string"}],"inLanguage":"es"},{"@type":"WebPage","@id":"https:\/\/math-in.net\/184esgi\/programa\/problema-3-el-calculo-del-flujo-solar-sobre-un-receptor-en-plantas-termosolares-de-torre-sunntics\/#webpage","url":"https:\/\/math-in.net\/184esgi\/programa\/problema-3-el-calculo-del-flujo-solar-sobre-un-receptor-en-plantas-termosolares-de-torre-sunntics\/","name":"Problema 3: El c\u00e1lculo del flujo solar sobre un receptor en plantas termosolares de torre (Sunntics) - 184esgi","isPartOf":{"@id":"https:\/\/math-in.net\/184esgi\/#website"},"datePublished":"2024-10-28T10:39:22+00:00","dateModified":"2024-11-01T10:50:28+00:00","breadcrumb":{"@id":"https:\/\/math-in.net\/184esgi\/programa\/problema-3-el-calculo-del-flujo-solar-sobre-un-receptor-en-plantas-termosolares-de-torre-sunntics\/#breadcrumb"},"inLanguage":"es","potentialAction":[{"@type":"ReadAction","target":["https:\/\/math-in.net\/184esgi\/programa\/problema-3-el-calculo-del-flujo-solar-sobre-un-receptor-en-plantas-termosolares-de-torre-sunntics\/"]}]},{"@type":"BreadcrumbList","@id":"https:\/\/math-in.net\/184esgi\/programa\/problema-3-el-calculo-del-flujo-solar-sobre-un-receptor-en-plantas-termosolares-de-torre-sunntics\/#breadcrumb","itemListElement":[{"@type":"ListItem","position":1,"name":"Portada","item":"https:\/\/math-in.net\/184esgi\/"},{"@type":"ListItem","position":2,"name":"Programa","item":"https:\/\/math-in.net\/184esgi\/programa\/"},{"@type":"ListItem","position":3,"name":"Problema 3: El c\u00e1lculo del flujo solar sobre un receptor en plantas termosolares de torre (Sunntics)"}]}]}},"_links":{"self":[{"href":"https:\/\/math-in.net\/184esgi\/wp-json\/wp\/v2\/pages\/375"}],"collection":[{"href":"https:\/\/math-in.net\/184esgi\/wp-json\/wp\/v2\/pages"}],"about":[{"href":"https:\/\/math-in.net\/184esgi\/wp-json\/wp\/v2\/types\/page"}],"author":[{"embeddable":true,"href":"https:\/\/math-in.net\/184esgi\/wp-json\/wp\/v2\/users\/5"}],"replies":[{"embeddable":true,"href":"https:\/\/math-in.net\/184esgi\/wp-json\/wp\/v2\/comments?post=375"}],"version-history":[{"count":4,"href":"https:\/\/math-in.net\/184esgi\/wp-json\/wp\/v2\/pages\/375\/revisions"}],"predecessor-version":[{"id":417,"href":"https:\/\/math-in.net\/184esgi\/wp-json\/wp\/v2\/pages\/375\/revisions\/417"}],"up":[{"embeddable":true,"href":"https:\/\/math-in.net\/184esgi\/wp-json\/wp\/v2\/pages\/44"}],"wp:attachment":[{"href":"https:\/\/math-in.net\/184esgi\/wp-json\/wp\/v2\/media?parent=375"}],"curies":[{"name":"wp","href":"https:\/\/api.w.org\/{rel}","templated":true}]}}